{"id":1281,"date":"2021-12-03T12:02:04","date_gmt":"2021-12-03T10:02:04","guid":{"rendered":"https:\/\/web01.hsworks.fi\/~milestonefi\/etusivu-2-copy\/"},"modified":"2022-01-12T12:54:25","modified_gmt":"2022-01-12T10:54:25","slug":"palvelut","status":"publish","type":"page","link":"https:\/\/web01.hsworks.fi\/~milestonefi\/palvelut\/","title":{"rendered":"Palvelut"},"content":{"rendered":"\t\t<div data-elementor-type=\"wp-page\" data-elementor-id=\"1281\" class=\"elementor elementor-1281\" data-elementor-settings=\"[]\">\n\t\t\t\t\t\t\t<div class=\"elementor-section-wrap\">\n\t\t\t\t\t\t\t<section class=\"elementor-section elementor-top-section elementor-element elementor-element-9398aac elementor-section-boxed elementor-section-height-default elementor-section-height-default\" data-id=\"9398aac\" data-element_type=\"section\" data-settings=\"{&quot;background_background&quot;:&quot;classic&quot;}\">\n\t\t\t\t\t\t\t<div class=\"elementor-background-overlay\"><\/div>\n\t\t\t\t\t\t\t<div class=\"elementor-container elementor-column-gap-default\">\n\t\t\t\t\t<div class=\"elementor-column elementor-col-100 elementor-top-column elementor-element elementor-element-665dd79\" data-id=\"665dd79\" data-element_type=\"column\">\n\t\t\t<div class=\"elementor-widget-wrap elementor-element-populated\">\n\t\t\t\t\t\t\t\t<div class=\"elementor-element elementor-element-c6841c6 elementor-widget elementor-widget-heading\" data-id=\"c6841c6\" data-element_type=\"widget\" data-widget_type=\"heading.default\">\n\t\t\t\t<div class=\"elementor-widget-container\">\n\t\t\t<h2 class=\"elementor-heading-title elementor-size-default\">Palvelut<\/h2>\t\t<\/div>\n\t\t\t\t<\/div>\n\t\t\t\t\t<\/div>\n\t\t<\/div>\n\t\t\t\t\t\t\t<\/div>\n\t\t<\/section>\n\t\t\t\t<section class=\"elementor-section elementor-top-section elementor-element elementor-element-4eb5b86 elementor-section-boxed elementor-section-height-default elementor-section-height-default\" data-id=\"4eb5b86\" data-element_type=\"section\" data-settings=\"{&quot;background_background&quot;:&quot;classic&quot;}\">\n\t\t\t\t\t\t<div class=\"elementor-container elementor-column-gap-default\">\n\t\t\t\t\t<div class=\"elementor-column elementor-col-100 elementor-top-column elementor-element elementor-element-a81c33b\" data-id=\"a81c33b\" data-element_type=\"column\">\n\t\t\t<div class=\"elementor-widget-wrap elementor-element-populated\">\n\t\t\t\t\t\t\t\t<section class=\"elementor-section elementor-inner-section elementor-element elementor-element-21a1489 elementor-section-boxed elementor-section-height-default elementor-section-height-default\" data-id=\"21a1489\" data-element_type=\"section\">\n\t\t\t\t\t\t<div class=\"elementor-container elementor-column-gap-default\">\n\t\t\t\t\t<div class=\"elementor-column elementor-col-20 elementor-inner-column elementor-element elementor-element-f46a4c8\" data-id=\"f46a4c8\" data-element_type=\"column\">\n\t\t\t<div class=\"elementor-widget-wrap elementor-element-populated\">\n\t\t\t\t\t\t\t\t<div class=\"elementor-element elementor-element-e4f8c66 elementor-flip-box--direction-right elementor-flip-box--effect-flip elementor-widget elementor-widget-flip-box\" data-id=\"e4f8c66\" data-element_type=\"widget\" data-widget_type=\"flip-box.default\">\n\t\t\t\t<div class=\"elementor-widget-container\">\n\t\t\t\t\t<div class=\"elementor-flip-box\">\n\t\t\t<div class=\"elementor-flip-box__layer elementor-flip-box__front\">\n\t\t\t\t<div class=\"elementor-flip-box__layer__overlay\">\n\t\t\t\t\t<div class=\"elementor-flip-box__layer__inner\">\n\t\t\t\t\t\t\t\t\t\t\t\t\t<div class=\"elementor-flip-box__image\">\n\t\t\t\t\t\t\t\t<img width=\"362\" height=\"166\" src=\"https:\/\/web01.hsworks.fi\/~milestonefi\/wp-content\/uploads\/Na\u0308ytto\u0308kuva-2021-9-22-kello-13.36.51.png\" class=\"attachment-full size-full\" alt=\"\" loading=\"lazy\" srcset=\"https:\/\/web01.hsworks.fi\/~milestonefi\/wp-content\/uploads\/Na\u0308ytto\u0308kuva-2021-9-22-kello-13.36.51.png 362w, https:\/\/web01.hsworks.fi\/~milestonefi\/wp-content\/uploads\/Na\u0308ytto\u0308kuva-2021-9-22-kello-13.36.51-300x138.png 300w\" sizes=\"(max-width: 362px) 100vw, 362px\" \/>\t\t\t\t\t\t\t<\/div>\n\t\t\t\t\t\t\n\t\t\t\t\t\t\t\t\t\t\t\t\t<h3 class=\"elementor-flip-box__layer__title\">\n\t\t\t\t\t\t\t\tORGANISAATIO\t\t\t\t\t\t\t<\/h3>\n\t\t\t\t\t\t\n\t\t\t\t\t\t\t\t\t\t\t<\/div>\n\t\t\t\t<\/div>\n\t\t\t<\/div>\n\t\t\t<div class=\"elementor-flip-box__layer elementor-flip-box__back\">\n\t\t\t<div class=\"elementor-flip-box__layer__overlay\">\n\t\t\t\t<div class=\"elementor-flip-box__layer__inner\">\n\t\t\t\t\t\t\t\t\t\t\t<h3 class=\"elementor-flip-box__layer__title\">\n\t\t\t\t\t\t\tORGANISAATIO\t\t\t\t\t\t<\/h3>\n\t\t\t\t\t\n\t\t\t\t\t\t\t\t\t\t\t<div class=\"elementor-flip-box__layer__description\">\n\t\t\t\t\t\t\tLorem ipsum dolor sit amet consectetur adipiscing elit dolor\t\t\t\t\t\t<\/div>\n\t\t\t\t\t\n\t\t\t\t\t\t\t\t\t\t\t<a class=\"elementor-flip-box__button elementor-button elementor-size-sm\" href=\"https:\/\/web01.hsworks.fi\/~milestonefi\/organisaatio\/\">\n\t\t\t\t\t\t\tLue lis\u00e4\u00e4\t\t\t\t\t\t<\/a>\n\t\t\t\t\t\t\t\t<\/div>\n\t\t<\/div>\n\t\t<\/div>\n\t\t<\/div>\n\t\t\t\t<\/div>\n\t\t\t\t<\/div>\n\t\t\t\t\t<\/div>\n\t\t<\/div>\n\t\t\t\t<div class=\"elementor-column elementor-col-20 elementor-inner-column elementor-element elementor-element-0570102\" data-id=\"0570102\" data-element_type=\"column\">\n\t\t\t<div class=\"elementor-widget-wrap elementor-element-populated\">\n\t\t\t\t\t\t\t\t<div class=\"elementor-element elementor-element-3f567db elementor-flip-box--direction-right elementor-flip-box--effect-flip elementor-widget elementor-widget-flip-box\" data-id=\"3f567db\" data-element_type=\"widget\" data-widget_type=\"flip-box.default\">\n\t\t\t\t<div class=\"elementor-widget-container\">\n\t\t\t\t\t<div class=\"elementor-flip-box\">\n\t\t\t<div class=\"elementor-flip-box__layer elementor-flip-box__front\">\n\t\t\t\t<div class=\"elementor-flip-box__layer__overlay\">\n\t\t\t\t\t<div class=\"elementor-flip-box__layer__inner\">\n\t\t\t\t\t\t\t\t\t\t\t\t\t<div class=\"elementor-flip-box__image\">\n\t\t\t\t\t\t\t\t<img src=\"https:\/\/web01.hsworks.fi\/~milestonefi\/wp-content\/uploads\/Na\u0308ytto\u0308kuva-2021-9-22-kello-13.37.33.png\" title=\"\" alt=\"\" \/>\t\t\t\t\t\t\t<\/div>\n\t\t\t\t\t\t\n\t\t\t\t\t\t\t\t\t\t\t\t\t<h3 class=\"elementor-flip-box__layer__title\">\n\t\t\t\t\t\t\t\tJOHTO\t\t\t\t\t\t\t<\/h3>\n\t\t\t\t\t\t\n\t\t\t\t\t\t\t\t\t\t\t<\/div>\n\t\t\t\t<\/div>\n\t\t\t<\/div>\n\t\t\t<div class=\"elementor-flip-box__layer elementor-flip-box__back\">\n\t\t\t<div class=\"elementor-flip-box__layer__overlay\">\n\t\t\t\t<div class=\"elementor-flip-box__layer__inner\">\n\t\t\t\t\t\t\t\t\t\t\t<h3 class=\"elementor-flip-box__layer__title\">\n\t\t\t\t\t\t\tJOHTO\t\t\t\t\t\t<\/h3>\n\t\t\t\t\t\n\t\t\t\t\t\t\t\t\t\t\t<div class=\"elementor-flip-box__layer__description\">\n\t\t\t\t\t\t\tLorem ipsum dolor sit amet consectetur adipiscing elit dolor\t\t\t\t\t\t<\/div>\n\t\t\t\t\t\n\t\t\t\t\t\t\t\t\t\t\t<a class=\"elementor-flip-box__button elementor-button elementor-size-sm\" href=\"https:\/\/web01.hsworks.fi\/~milestonefi\/johto\/\">\n\t\t\t\t\t\t\tLue lis\u00e4\u00e4\t\t\t\t\t\t<\/a>\n\t\t\t\t\t\t\t\t<\/div>\n\t\t<\/div>\n\t\t<\/div>\n\t\t<\/div>\n\t\t\t\t<\/div>\n\t\t\t\t<\/div>\n\t\t\t\t\t<\/div>\n\t\t<\/div>\n\t\t\t\t<div class=\"elementor-column elementor-col-20 elementor-inner-column elementor-element elementor-element-3577941\" data-id=\"3577941\" data-element_type=\"column\">\n\t\t\t<div class=\"elementor-widget-wrap elementor-element-populated\">\n\t\t\t\t\t\t\t\t<div class=\"elementor-element elementor-element-10ba8e3 elementor-flip-box--direction-right elementor-flip-box--effect-flip elementor-widget elementor-widget-flip-box\" data-id=\"10ba8e3\" data-element_type=\"widget\" data-widget_type=\"flip-box.default\">\n\t\t\t\t<div class=\"elementor-widget-container\">\n\t\t\t\t\t<div class=\"elementor-flip-box\">\n\t\t\t<div class=\"elementor-flip-box__layer elementor-flip-box__front\">\n\t\t\t\t<div class=\"elementor-flip-box__layer__overlay\">\n\t\t\t\t\t<div class=\"elementor-flip-box__layer__inner\">\n\t\t\t\t\t\t\t\t\t\t\t\t\t<div class=\"elementor-flip-box__image\">\n\t\t\t\t\t\t\t\t<img src=\"https:\/\/web01.hsworks.fi\/~milestonefi\/wp-content\/uploads\/Na\u0308ytto\u0308kuva-2021-9-22-kello-13.37.41.png\" title=\"\" alt=\"\" \/>\t\t\t\t\t\t\t<\/div>\n\t\t\t\t\t\t\n\t\t\t\t\t\t\t\t\t\t\t\t\t<h3 class=\"elementor-flip-box__layer__title\">\n\t\t\t\t\t\t\t\tESIMIEHET\t\t\t\t\t\t\t<\/h3>\n\t\t\t\t\t\t\n\t\t\t\t\t\t\t\t\t\t\t<\/div>\n\t\t\t\t<\/div>\n\t\t\t<\/div>\n\t\t\t<div class=\"elementor-flip-box__layer elementor-flip-box__back\">\n\t\t\t<div class=\"elementor-flip-box__layer__overlay\">\n\t\t\t\t<div class=\"elementor-flip-box__layer__inner\">\n\t\t\t\t\t\t\t\t\t\t\t<h3 class=\"elementor-flip-box__layer__title\">\n\t\t\t\t\t\t\tESIMIEHET\t\t\t\t\t\t<\/h3>\n\t\t\t\t\t\n\t\t\t\t\t\t\t\t\t\t\t<div class=\"elementor-flip-box__layer__description\">\n\t\t\t\t\t\t\tLorem ipsum dolor sit amet consectetur adipiscing elit dolor\t\t\t\t\t\t<\/div>\n\t\t\t\t\t\n\t\t\t\t\t\t\t\t\t\t\t<a class=\"elementor-flip-box__button elementor-button elementor-size-sm\" href=\"https:\/\/web01.hsworks.fi\/~milestonefi\/esimiehet\/\">\n\t\t\t\t\t\t\tLue lis\u00e4\u00e4\t\t\t\t\t\t<\/a>\n\t\t\t\t\t\t\t\t<\/div>\n\t\t<\/div>\n\t\t<\/div>\n\t\t<\/div>\n\t\t\t\t<\/div>\n\t\t\t\t<\/div>\n\t\t\t\t\t<\/div>\n\t\t<\/div>\n\t\t\t\t<div class=\"elementor-column elementor-col-20 elementor-inner-column elementor-element elementor-element-8a222d5\" data-id=\"8a222d5\" data-element_type=\"column\">\n\t\t\t<div class=\"elementor-widget-wrap elementor-element-populated\">\n\t\t\t\t\t\t\t\t<div class=\"elementor-element elementor-element-413f2db elementor-flip-box--direction-right elementor-flip-box--effect-flip elementor-widget elementor-widget-flip-box\" data-id=\"413f2db\" data-element_type=\"widget\" data-widget_type=\"flip-box.default\">\n\t\t\t\t<div class=\"elementor-widget-container\">\n\t\t\t\t\t<div class=\"elementor-flip-box\">\n\t\t\t<div class=\"elementor-flip-box__layer elementor-flip-box__front\">\n\t\t\t\t<div class=\"elementor-flip-box__layer__overlay\">\n\t\t\t\t\t<div class=\"elementor-flip-box__layer__inner\">\n\t\t\t\t\t\t\t\t\t\t\t\t\t<div class=\"elementor-flip-box__image\">\n\t\t\t\t\t\t\t\t<img width=\"358\" height=\"158\" src=\"https:\/\/web01.hsworks.fi\/~milestonefi\/wp-content\/uploads\/Na\u0308ytto\u0308kuva-2021-9-22-kello-13.37.51.png\" class=\"attachment-full size-full\" alt=\"\" loading=\"lazy\" srcset=\"https:\/\/web01.hsworks.fi\/~milestonefi\/wp-content\/uploads\/Na\u0308ytto\u0308kuva-2021-9-22-kello-13.37.51.png 358w, https:\/\/web01.hsworks.fi\/~milestonefi\/wp-content\/uploads\/Na\u0308ytto\u0308kuva-2021-9-22-kello-13.37.51-300x132.png 300w\" sizes=\"(max-width: 358px) 100vw, 358px\" \/>\t\t\t\t\t\t\t<\/div>\n\t\t\t\t\t\t\n\t\t\t\t\t\t\t\t\t\t\t\t\t<h3 class=\"elementor-flip-box__layer__title\">\n\t\t\t\t\t\t\t\tTIIMIT\t\t\t\t\t\t\t<\/h3>\n\t\t\t\t\t\t\n\t\t\t\t\t\t\t\t\t\t\t<\/div>\n\t\t\t\t<\/div>\n\t\t\t<\/div>\n\t\t\t<div class=\"elementor-flip-box__layer elementor-flip-box__back\">\n\t\t\t<div class=\"elementor-flip-box__layer__overlay\">\n\t\t\t\t<div class=\"elementor-flip-box__layer__inner\">\n\t\t\t\t\t\t\t\t\t\t\t<h3 class=\"elementor-flip-box__layer__title\">\n\t\t\t\t\t\t\tTIIMIT\t\t\t\t\t\t<\/h3>\n\t\t\t\t\t\n\t\t\t\t\t\t\t\t\t\t\t<div class=\"elementor-flip-box__layer__description\">\n\t\t\t\t\t\t\tLorem ipsum dolor sit amet consectetur adipiscing elit dolor\t\t\t\t\t\t<\/div>\n\t\t\t\t\t\n\t\t\t\t\t\t\t\t\t\t\t<a class=\"elementor-flip-box__button elementor-button elementor-size-sm\" href=\"https:\/\/web01.hsworks.fi\/~milestonefi\/tiimit\/\">\n\t\t\t\t\t\t\tLue lis\u00e4\u00e4\t\t\t\t\t\t<\/a>\n\t\t\t\t\t\t\t\t<\/div>\n\t\t<\/div>\n\t\t<\/div>\n\t\t<\/div>\n\t\t\t\t<\/div>\n\t\t\t\t<\/div>\n\t\t\t\t\t<\/div>\n\t\t<\/div>\n\t\t\t\t<div class=\"elementor-column elementor-col-20 elementor-inner-column elementor-element elementor-element-7414fb7\" data-id=\"7414fb7\" data-element_type=\"column\">\n\t\t\t<div class=\"elementor-widget-wrap elementor-element-populated\">\n\t\t\t\t\t\t\t\t<div class=\"elementor-element elementor-element-48721ef elementor-flip-box--direction-right elementor-flip-box--effect-flip elementor-widget elementor-widget-flip-box\" data-id=\"48721ef\" data-element_type=\"widget\" data-widget_type=\"flip-box.default\">\n\t\t\t\t<div class=\"elementor-widget-container\">\n\t\t\t\t\t<div class=\"elementor-flip-box\">\n\t\t\t<div class=\"elementor-flip-box__layer elementor-flip-box__front\">\n\t\t\t\t<div class=\"elementor-flip-box__layer__overlay\">\n\t\t\t\t\t<div class=\"elementor-flip-box__layer__inner\">\n\t\t\t\t\t\t\t\t\t\t\t\t\t<div class=\"elementor-flip-box__image\">\n\t\t\t\t\t\t\t\t<img width=\"354\" height=\"156\" src=\"https:\/\/web01.hsworks.fi\/~milestonefi\/wp-content\/uploads\/Na\u0308ytto\u0308kuva-2021-9-22-kello-13.37.59.png\" class=\"attachment-full size-full\" alt=\"\" loading=\"lazy\" srcset=\"https:\/\/web01.hsworks.fi\/~milestonefi\/wp-content\/uploads\/Na\u0308ytto\u0308kuva-2021-9-22-kello-13.37.59.png 354w, https:\/\/web01.hsworks.fi\/~milestonefi\/wp-content\/uploads\/Na\u0308ytto\u0308kuva-2021-9-22-kello-13.37.59-300x132.png 300w\" sizes=\"(max-width: 354px) 100vw, 354px\" \/>\t\t\t\t\t\t\t<\/div>\n\t\t\t\t\t\t\n\t\t\t\t\t\t\t\t\t\t\t\t\t<h3 class=\"elementor-flip-box__layer__title\">\n\t\t\t\t\t\t\t\tYKSIL\u00d6\t\t\t\t\t\t\t<\/h3>\n\t\t\t\t\t\t\n\t\t\t\t\t\t\t\t\t\t\t<\/div>\n\t\t\t\t<\/div>\n\t\t\t<\/div>\n\t\t\t<div class=\"elementor-flip-box__layer elementor-flip-box__back\">\n\t\t\t<div class=\"elementor-flip-box__layer__overlay\">\n\t\t\t\t<div class=\"elementor-flip-box__layer__inner\">\n\t\t\t\t\t\t\t\t\t\t\t<h3 class=\"elementor-flip-box__layer__title\">\n\t\t\t\t\t\t\tYKSIL\u00d6\t\t\t\t\t\t<\/h3>\n\t\t\t\t\t\n\t\t\t\t\t\t\t\t\t\t\t<div class=\"elementor-flip-box__layer__description\">\n\t\t\t\t\t\t\tLorem ipsum dolor sit amet consectetur adipiscing elit dolor\t\t\t\t\t\t<\/div>\n\t\t\t\t\t\n\t\t\t\t\t\t\t\t\t\t\t<a class=\"elementor-flip-box__button elementor-button elementor-size-sm\" href=\"https:\/\/web01.hsworks.fi\/~milestonefi\/yksilo\/\">\n\t\t\t\t\t\t\tLue lis\u00e4\u00e4\t\t\t\t\t\t<\/a>\n\t\t\t\t\t\t\t\t<\/div>\n\t\t<\/div>\n\t\t<\/div>\n\t\t<\/div>\n\t\t\t\t<\/div>\n\t\t\t\t<\/div>\n\t\t\t\t\t<\/div>\n\t\t<\/div>\n\t\t\t\t\t\t\t<\/div>\n\t\t<\/section>\n\t\t\t\t\t<\/div>\n\t\t<\/div>\n\t\t\t\t\t\t\t<\/div>\n\t\t<\/section>\n\t\t\t\t\t\t<\/div>\n\t\t\t\t\t<\/div>\n\t\t","protected":false},"excerpt":{"rendered":"<p>Palvelut ORGANISAATIO ORGANISAATIO Lorem ipsum dolor sit amet consectetur adipiscing elit dolor Lue lis\u00e4\u00e4 JOHTO JOHTO Lorem ipsum dolor sit amet consectetur adipiscing elit dolor Lue lis\u00e4\u00e4 ESIMIEHET ESIMIEHET Lorem ipsum dolor sit amet consectetur adipiscing elit dolor Lue lis\u00e4\u00e4 TIIMIT TIIMIT Lorem ipsum dolor sit amet consectetur adipiscing elit dolor Lue lis\u00e4\u00e4 YKSIL\u00d6 YKSIL\u00d6 [&hellip;]<\/p>\n","protected":false},"author":42,"featured_media":0,"parent":0,"menu_order":0,"comment_status":"closed","ping_status":"closed","template":"elementor_header_footer","meta":[],"yoast_head":"<!-- This site is optimized with the Yoast SEO plugin v15.0 - https:\/\/yoast.com\/wordpress\/plugins\/seo\/ -->\n<title>Palvelut | Milestone<\/title>\n<meta name=\"robots\" content=\"index, follow, max-snippet:-1, max-image-preview:large, max-video-preview:-1\" \/>\n<link rel=\"canonical\" href=\"https:\/\/web01.hsworks.fi\/~milestonefi\/palvelut\/\" \/>\n<meta property=\"og:locale\" content=\"fi_FI\" \/>\n<meta property=\"og:type\" content=\"article\" \/>\n<meta property=\"og:title\" content=\"Palvelut | Milestone\" \/>\n<meta property=\"og:description\" content=\"Palvelut ORGANISAATIO ORGANISAATIO Lorem ipsum dolor sit amet consectetur adipiscing elit dolor Lue lis\u00e4\u00e4 JOHTO JOHTO Lorem ipsum dolor sit amet consectetur adipiscing elit dolor Lue lis\u00e4\u00e4 ESIMIEHET ESIMIEHET Lorem ipsum dolor sit amet consectetur adipiscing elit dolor Lue lis\u00e4\u00e4 TIIMIT TIIMIT Lorem ipsum dolor sit amet consectetur adipiscing elit dolor Lue lis\u00e4\u00e4 YKSIL\u00d6 YKSIL\u00d6 [&hellip;]\" \/>\n<meta property=\"og:url\" content=\"https:\/\/web01.hsworks.fi\/~milestonefi\/palvelut\/\" \/>\n<meta property=\"og:site_name\" content=\"Milestone\" \/>\n<meta property=\"article:modified_time\" content=\"2022-01-12T10:54:25+00:00\" \/>\n<meta property=\"og:image\" content=\"https:\/\/web01.hsworks.fi\/~milestonefi\/wp-content\/uploads\/Na\u0308ytto\u0308kuva-2021-9-22-kello-13.36.51.png\" \/>\n<meta name=\"twitter:card\" content=\"summary_large_image\" \/>\n<script type=\"application\/ld+json\" class=\"yoast-schema-graph\">{\"@context\":\"https:\/\/schema.org\",\"@graph\":[{\"@type\":\"Organization\",\"@id\":\"https:\/\/web01.hsworks.fi\/~milestonefi\/#organization\",\"name\":\"Milestone\",\"url\":\"https:\/\/web01.hsworks.fi\/~milestonefi\/\",\"sameAs\":[],\"logo\":{\"@type\":\"ImageObject\",\"@id\":\"https:\/\/web01.hsworks.fi\/~milestonefi\/#logo\",\"inLanguage\":\"fi\",\"url\":\"https:\/\/web01.hsworks.fi\/~milestonefi\/wp-content\/uploads\/milestone-logo-black.png\",\"width\":548,\"height\":354,\"caption\":\"Milestone\"},\"image\":{\"@id\":\"https:\/\/web01.hsworks.fi\/~milestonefi\/#logo\"}},{\"@type\":\"WebSite\",\"@id\":\"https:\/\/web01.hsworks.fi\/~milestonefi\/#website\",\"url\":\"https:\/\/web01.hsworks.fi\/~milestonefi\/\",\"name\":\"Milestone\",\"description\":\"Yrityskulttuurin muotoilutoimisto\",\"publisher\":{\"@id\":\"https:\/\/web01.hsworks.fi\/~milestonefi\/#organization\"},\"potentialAction\":[{\"@type\":\"SearchAction\",\"target\":\"https:\/\/web01.hsworks.fi\/~milestonefi\/?s={search_term_string}\",\"query-input\":\"required name=search_term_string\"}],\"inLanguage\":\"fi\"},{\"@type\":\"ImageObject\",\"@id\":\"https:\/\/web01.hsworks.fi\/~milestonefi\/palvelut\/#primaryimage\",\"inLanguage\":\"fi\",\"url\":\"https:\/\/web01.hsworks.fi\/~milestonefi\/wp-content\/uploads\/Na\\u0308ytto\\u0308kuva-2021-9-22-kello-13.36.51.png\",\"width\":362,\"height\":166},{\"@type\":\"WebPage\",\"@id\":\"https:\/\/web01.hsworks.fi\/~milestonefi\/palvelut\/#webpage\",\"url\":\"https:\/\/web01.hsworks.fi\/~milestonefi\/palvelut\/\",\"name\":\"Palvelut | Milestone\",\"isPartOf\":{\"@id\":\"https:\/\/web01.hsworks.fi\/~milestonefi\/#website\"},\"primaryImageOfPage\":{\"@id\":\"https:\/\/web01.hsworks.fi\/~milestonefi\/palvelut\/#primaryimage\"},\"datePublished\":\"2021-12-03T10:02:04+00:00\",\"dateModified\":\"2022-01-12T10:54:25+00:00\",\"inLanguage\":\"fi\",\"potentialAction\":[{\"@type\":\"ReadAction\",\"target\":[\"https:\/\/web01.hsworks.fi\/~milestonefi\/palvelut\/\"]}]}]}<\/script>\n<!-- \/ Yoast SEO plugin. -->","_links":{"self":[{"href":"https:\/\/web01.hsworks.fi\/~milestonefi\/wp-json\/wp\/v2\/pages\/1281"}],"collection":[{"href":"https:\/\/web01.hsworks.fi\/~milestonefi\/wp-json\/wp\/v2\/pages"}],"about":[{"href":"https:\/\/web01.hsworks.fi\/~milestonefi\/wp-json\/wp\/v2\/types\/page"}],"author":[{"embeddable":true,"href":"https:\/\/web01.hsworks.fi\/~milestonefi\/wp-json\/wp\/v2\/users\/42"}],"replies":[{"embeddable":true,"href":"https:\/\/web01.hsworks.fi\/~milestonefi\/wp-json\/wp\/v2\/comments?post=1281"}],"version-history":[{"count":24,"href":"https:\/\/web01.hsworks.fi\/~milestonefi\/wp-json\/wp\/v2\/pages\/1281\/revisions"}],"predecessor-version":[{"id":2066,"href":"https:\/\/web01.hsworks.fi\/~milestonefi\/wp-json\/wp\/v2\/pages\/1281\/revisions\/2066"}],"wp:attachment":[{"href":"https:\/\/web01.hsworks.fi\/~milestonefi\/wp-json\/wp\/v2\/media?parent=1281"}],"curies":[{"name":"wp","href":"https:\/\/api.w.org\/{rel}","templated":true}]}}