{"id":1282,"date":"2021-12-02T12:22:13","date_gmt":"2021-12-02T10:22:13","guid":{"rendered":"https:\/\/web01.hsworks.fi\/~milestonefi\/etusivu-2-copy-copy\/"},"modified":"2022-01-19T15:06:08","modified_gmt":"2022-01-19T13:06:08","slug":"organisaatio","status":"publish","type":"page","link":"https:\/\/web01.hsworks.fi\/~milestonefi\/organisaatio\/","title":{"rendered":"Organisaatio"},"content":{"rendered":"\t\t<div data-elementor-type=\"wp-page\" data-elementor-id=\"1282\" class=\"elementor elementor-1282\" data-elementor-settings=\"[]\">\n\t\t\t\t\t\t\t<div class=\"elementor-section-wrap\">\n\t\t\t\t\t\t\t<section class=\"elementor-section elementor-top-section elementor-element elementor-element-f9cf3bc elementor-section-boxed elementor-section-height-default elementor-section-height-default\" data-id=\"f9cf3bc\" data-element_type=\"section\" data-settings=\"{&quot;background_background&quot;:&quot;classic&quot;}\">\n\t\t\t\t\t\t\t<div class=\"elementor-background-overlay\"><\/div>\n\t\t\t\t\t\t\t<div class=\"elementor-container elementor-column-gap-default\">\n\t\t\t\t\t<div class=\"elementor-column elementor-col-100 elementor-top-column elementor-element elementor-element-0feab72\" data-id=\"0feab72\" data-element_type=\"column\">\n\t\t\t<div class=\"elementor-widget-wrap elementor-element-populated\">\n\t\t\t\t\t\t\t\t<div class=\"elementor-element elementor-element-5179df4 elementor-widget elementor-widget-heading\" data-id=\"5179df4\" data-element_type=\"widget\" data-widget_type=\"heading.default\">\n\t\t\t\t<div class=\"elementor-widget-container\">\n\t\t\t<h2 class=\"elementor-heading-title elementor-size-default\">Organisaatio<\/h2>\t\t<\/div>\n\t\t\t\t<\/div>\n\t\t\t\t\t<\/div>\n\t\t<\/div>\n\t\t\t\t\t\t\t<\/div>\n\t\t<\/section>\n\t\t\t\t<section class=\"elementor-section elementor-top-section elementor-element elementor-element-1e23f7e elementor-section-boxed elementor-section-height-default elementor-section-height-default\" data-id=\"1e23f7e\" data-element_type=\"section\" data-settings=\"{&quot;background_background&quot;:&quot;classic&quot;}\">\n\t\t\t\t\t\t<div class=\"elementor-container elementor-column-gap-default\">\n\t\t\t\t\t<div class=\"elementor-column elementor-col-100 elementor-top-column elementor-element elementor-element-1173a57\" data-id=\"1173a57\" data-element_type=\"column\">\n\t\t\t<div class=\"elementor-widget-wrap elementor-element-populated\">\n\t\t\t\t\t\t\t\t<section class=\"elementor-section elementor-inner-section elementor-element elementor-element-d928b9a elementor-section-boxed elementor-section-height-default elementor-section-height-default\" data-id=\"d928b9a\" data-element_type=\"section\">\n\t\t\t\t\t\t<div class=\"elementor-container elementor-column-gap-default\">\n\t\t\t\t\t<div class=\"elementor-column elementor-col-50 elementor-inner-column elementor-element elementor-element-89ba028\" data-id=\"89ba028\" data-element_type=\"column\">\n\t\t\t<div class=\"elementor-widget-wrap elementor-element-populated\">\n\t\t\t\t\t\t\t\t<div class=\"elementor-element elementor-element-345814c elementor-widget elementor-widget-image\" data-id=\"345814c\" data-element_type=\"widget\" data-widget_type=\"image.default\">\n\t\t\t\t<div class=\"elementor-widget-container\">\n\t\t\t\t\t\t\t\t\t\t\t\t\t\t\t<img width=\"1200\" height=\"799\" src=\"https:\/\/web01.hsworks.fi\/~milestonefi\/wp-content\/uploads\/7-1300x866.jpg\" class=\"attachment-large size-large\" alt=\"Kokous, tietokone\" loading=\"lazy\" srcset=\"https:\/\/web01.hsworks.fi\/~milestonefi\/wp-content\/uploads\/7-1300x866.jpg 1300w, https:\/\/web01.hsworks.fi\/~milestonefi\/wp-content\/uploads\/7-600x400.jpg 600w, https:\/\/web01.hsworks.fi\/~milestonefi\/wp-content\/uploads\/7-300x200.jpg 300w, https:\/\/web01.hsworks.fi\/~milestonefi\/wp-content\/uploads\/7-768x512.jpg 768w, https:\/\/web01.hsworks.fi\/~milestonefi\/wp-content\/uploads\/7-1536x1024.jpg 1536w, https:\/\/web01.hsworks.fi\/~milestonefi\/wp-content\/uploads\/7.jpg 2000w\" sizes=\"(max-width: 1200px) 100vw, 1200px\" \/>\t\t\t\t\t\t\t\t\t\t\t\t\t\t\t<\/div>\n\t\t\t\t<\/div>\n\t\t\t\t<div class=\"elementor-element elementor-element-2a2b979 elementor-widget elementor-widget-accordion\" data-id=\"2a2b979\" data-element_type=\"widget\" data-widget_type=\"accordion.default\">\n\t\t\t\t<div class=\"elementor-widget-container\">\n\t\t\t\t\t<div class=\"elementor-accordion\" role=\"tablist\">\n\t\t\t\t\t\t\t<div class=\"elementor-accordion-item\">\n\t\t\t\t\t<div id=\"elementor-tab-title-4421\" class=\"elementor-tab-title\" data-tab=\"1\" role=\"tab\" aria-controls=\"elementor-tab-content-4421\" aria-expanded=\"false\">\n\t\t\t\t\t\t\t\t\t\t\t\t<a class=\"elementor-accordion-title\" href=\"\">Miledrive - tiedolla tuloksiin <\/a>\n\t\t\t\t\t<\/div>\n\t\t\t\t\t<div id=\"elementor-tab-content-4421\" class=\"elementor-tab-content elementor-clearfix\" data-tab=\"1\" role=\"tabpanel\" aria-labelledby=\"elementor-tab-title-4421\"><p>\u201dKulttuuri kaataa yrityksi\u00e4, pit\u00e4\u00e4 ne voittoputkessa tai tekee niist\u00e4 voimaisia muutokselle. Jotta yrityksen kulttuuria voisi muotoilla parempaan, tulee tiet\u00e4\u00e4 miss\u00e4 ollaan juuri nyt, ja mihin halutaan yhdess\u00e4 menn\u00e4.\u201d<\/p><\/div>\n\t\t\t\t<\/div>\n\t\t\t\t\t\t\t<div class=\"elementor-accordion-item\">\n\t\t\t\t\t<div id=\"elementor-tab-title-4422\" class=\"elementor-tab-title\" data-tab=\"2\" role=\"tab\" aria-controls=\"elementor-tab-content-4422\" aria-expanded=\"false\">\n\t\t\t\t\t\t\t\t\t\t\t\t<a class=\"elementor-accordion-title\" href=\"\">Lue lis\u00e4\u00e4<\/a>\n\t\t\t\t\t<\/div>\n\t\t\t\t\t<div id=\"elementor-tab-content-4422\" class=\"elementor-tab-content elementor-clearfix\" data-tab=\"2\" role=\"tabpanel\" aria-labelledby=\"elementor-tab-title-4422\"><p>\u201dKulttuuri kaataa yrityksi\u00e4, pit\u00e4\u00e4 ne voittoputkessa tai tekee niist\u00e4 voimaisia muutokselle. Jotta yrityksen kulttuuria voisi muotoilla parempaan, tulee tiet\u00e4\u00e4 miss\u00e4 ollaan juuri nyt, ja mihin halutaan yhdess\u00e4 menn\u00e4.\u201d<\/p><p>Yrityskulttuuria joko kehitet\u00e4\u00e4n tai se kehittyy (Alaotsikko)<br \/>Yrityskulttuuri ei ole itsess\u00e4\u00e4n hyv\u00e4 tai huono. Kulttuuria tulee aina tarkastella suhteessa yrityksen strategiaan: Mit\u00e4 halutaan yhdess\u00e4 saada aikaiseksi, miten ja mihin suuntaan halutaan yhdess\u00e4 kulkea? Jokaisen organisaation kulttuurissa on my\u00f6s hiljainen oletus, kuin kuiskaus siit\u00e4, mit\u00e4 t\u00e4\u00e4ll\u00e4 ajatellaan ihmisest\u00e4. Yrityskulttuuriin muotoutunut k\u00e4sitys ihmisest\u00e4 taas voi olla hyv\u00e4 tai huonompi: se joko est\u00e4\u00e4 tai vapauttaa ihmisen koko potentiaalin toimintaan.\u00a0<\/p><p>Miledrive on palvelu, joka tekee n\u00e4kyv\u00e4ksi, miten ihmisten koko potentiaali on k\u00e4yt\u00f6ss\u00e4 organisaatiossa. Miledrive huomio ihmisyyden yrityskulttuurin kehitt\u00e4misess\u00e4 ainutlaatuisella tavalla ja tarjoaa tiimitasoisia, konkreettisia sek\u00e4 strategian toteutumista edist\u00e4vi\u00e4 ehdotuksia yrityksesi kulttuurin kehitt\u00e4miseen.\u00a0<\/p><p>Kohderyhm\u00e4: Koko organisaatio<br \/>Hankkeen kesto: Noin nelj\u00e4 viikkoa<br \/>Hinta: Alkaen 4 500\u20ac<\/p><\/div>\n\t\t\t\t<\/div>\n\t\t\t\t\t\t\t\t<\/div>\n\t\t\t\t<\/div>\n\t\t\t\t<\/div>\n\t\t\t\t<div class=\"elementor-element elementor-element-566b4dc elementor-align-left elementor-widget elementor-widget-button\" data-id=\"566b4dc\" data-element_type=\"widget\" data-widget_type=\"button.default\">\n\t\t\t\t<div class=\"elementor-widget-container\">\n\t\t\t\t\t<div class=\"elementor-button-wrapper\">\n\t\t\t<a href=\"https:\/\/web01.hsworks.fi\/~milestonefi\/yhteystiedot\/\" class=\"elementor-button-link elementor-button elementor-size-sm\" role=\"button\">\n\t\t\t\t\t\t<span class=\"elementor-button-content-wrapper\">\n\t\t\t\t\t\t<span class=\"elementor-button-text\">Varaa esittely<\/span>\n\t\t<\/span>\n\t\t\t\t\t<\/a>\n\t\t<\/div>\n\t\t\t\t<\/div>\n\t\t\t\t<\/div>\n\t\t\t\t\t<\/div>\n\t\t<\/div>\n\t\t\t\t<div class=\"elementor-column elementor-col-50 elementor-inner-column elementor-element elementor-element-26df81e\" data-id=\"26df81e\" data-element_type=\"column\">\n\t\t\t<div class=\"elementor-widget-wrap elementor-element-populated\">\n\t\t\t\t\t\t\t\t<div class=\"elementor-element elementor-element-883cfdf elementor-widget elementor-widget-image\" data-id=\"883cfdf\" data-element_type=\"widget\" data-widget_type=\"image.default\">\n\t\t\t\t<div class=\"elementor-widget-container\">\n\t\t\t\t\t\t\t\t\t\t\t\t\t\t\t<img width=\"1200\" height=\"799\" src=\"https:\/\/web01.hsworks.fi\/~milestonefi\/wp-content\/uploads\/5-1-1300x866.jpg\" class=\"attachment-large size-large\" alt=\"Tapaaminen\" loading=\"lazy\" srcset=\"https:\/\/web01.hsworks.fi\/~milestonefi\/wp-content\/uploads\/5-1-1300x866.jpg 1300w, https:\/\/web01.hsworks.fi\/~milestonefi\/wp-content\/uploads\/5-1-600x400.jpg 600w, https:\/\/web01.hsworks.fi\/~milestonefi\/wp-content\/uploads\/5-1-300x200.jpg 300w, https:\/\/web01.hsworks.fi\/~milestonefi\/wp-content\/uploads\/5-1-768x512.jpg 768w, https:\/\/web01.hsworks.fi\/~milestonefi\/wp-content\/uploads\/5-1-1536x1024.jpg 1536w, https:\/\/web01.hsworks.fi\/~milestonefi\/wp-content\/uploads\/5-1.jpg 2000w\" sizes=\"(max-width: 1200px) 100vw, 1200px\" \/>\t\t\t\t\t\t\t\t\t\t\t\t\t\t\t<\/div>\n\t\t\t\t<\/div>\n\t\t\t\t<div class=\"elementor-element elementor-element-953217c elementor-widget elementor-widget-accordion\" data-id=\"953217c\" data-element_type=\"widget\" data-widget_type=\"accordion.default\">\n\t\t\t\t<div class=\"elementor-widget-container\">\n\t\t\t\t\t<div class=\"elementor-accordion\" role=\"tablist\">\n\t\t\t\t\t\t\t<div class=\"elementor-accordion-item\">\n\t\t\t\t\t<div id=\"elementor-tab-title-1561\" class=\"elementor-tab-title\" data-tab=\"1\" role=\"tab\" aria-controls=\"elementor-tab-content-1561\" aria-expanded=\"false\">\n\t\t\t\t\t\t\t\t\t\t\t\t<a class=\"elementor-accordion-title\" href=\"\">Digitaalinen arvodialogi<\/a>\n\t\t\t\t\t<\/div>\n\t\t\t\t\t<div id=\"elementor-tab-content-1561\" class=\"elementor-tab-content elementor-clearfix\" data-tab=\"1\" role=\"tabpanel\" aria-labelledby=\"elementor-tab-title-1561\"><p>Luodaan yhdess\u00e4 yrityksesi arvoista sellainen majakka, joka ohjaa kaikkea toimintaa kohti haluttua p\u00e4\u00e4m\u00e4\u00e4r\u00e4\u00e4. Osallistetaan koko henkil\u00f6st\u00f6 niin, ett\u00e4 jokainen voi tuntea arvot omakseen. Koska kaikki l\u00e4htee arvoista!\u00a0<\/p><\/div>\n\t\t\t\t<\/div>\n\t\t\t\t\t\t\t<div class=\"elementor-accordion-item\">\n\t\t\t\t\t<div id=\"elementor-tab-title-1562\" class=\"elementor-tab-title\" data-tab=\"2\" role=\"tab\" aria-controls=\"elementor-tab-content-1562\" aria-expanded=\"false\">\n\t\t\t\t\t\t\t\t\t\t\t\t<a class=\"elementor-accordion-title\" href=\"\">Lue lis\u00e4\u00e4<\/a>\n\t\t\t\t\t<\/div>\n\t\t\t\t\t<div id=\"elementor-tab-content-1562\" class=\"elementor-tab-content elementor-clearfix\" data-tab=\"2\" role=\"tabpanel\" aria-labelledby=\"elementor-tab-title-1562\"><p>Luodaan yhdess\u00e4 yrityksesi arvoista sellainen majakka, joka ohjaa kaikkea toimintaa kohti haluttua p\u00e4\u00e4m\u00e4\u00e4r\u00e4\u00e4. Osallistetaan koko henkil\u00f6st\u00f6 niin, ett\u00e4 jokainen voi tuntea arvot omakseen. Koska kaikki l\u00e4htee arvoista!\u00a0<\/p><p>Milestonen osallistava arvodialogi tuo arvot jokaisen omiksi tarinallisuuden ja omakohtaistamisen menetelmien avulla. Arvojen kautta m\u00e4\u00e4rittyy haluttu k\u00e4ytt\u00e4ytyminen ja toiminta arjessa ja ne auttavat ihmisi\u00e4 tiukan paikan tullen valitsemaan parhaimman mahdollisen vaihtoehdon etenemiselle.<\/p><p>Olipa yrityksess\u00e4si arvoprosessi kokonaan l\u00e4ht\u00f6kuopissa tai kaipaat vain pient\u00e4 freesausta arvoihinne, unohda aikaa viev\u00e4t ja uuvuttavat roadshowt! Ota meihin yhteytt\u00e4! Kerromme mielell\u00e4mme lis\u00e4\u00e4 siit\u00e4, miten voit digitaalisen dialogin avulla ty\u00f6skennell\u00e4 koko organisaation kanssa ketter\u00e4sti, tehokkaasti ja samanaikaisesti.<\/p><p>Kohderyhm\u00e4: Koko organisaatio<br \/>Hankkeen kesto: Kaksi kuukautta<br \/>Aikainvestointi\/henkil\u00f6: 2-3h digitaalinen arvodialogi + digitaalinen alku- ja lopputy\u00f6skentely<br \/>Hinta: Alkaen 14 000\u20ac + alv.<\/p><\/div>\n\t\t\t\t<\/div>\n\t\t\t\t\t\t\t\t<\/div>\n\t\t\t\t<\/div>\n\t\t\t\t<\/div>\n\t\t\t\t<div class=\"elementor-element elementor-element-7755566 elementor-align-left elementor-widget elementor-widget-button\" data-id=\"7755566\" data-element_type=\"widget\" data-widget_type=\"button.default\">\n\t\t\t\t<div class=\"elementor-widget-container\">\n\t\t\t\t\t<div class=\"elementor-button-wrapper\">\n\t\t\t<a href=\"https:\/\/web01.hsworks.fi\/~milestonefi\/yhteystiedot\/\" class=\"elementor-button-link elementor-button elementor-size-sm\" role=\"button\">\n\t\t\t\t\t\t<span class=\"elementor-button-content-wrapper\">\n\t\t\t\t\t\t<span class=\"elementor-button-text\">Varaa esittely<\/span>\n\t\t<\/span>\n\t\t\t\t\t<\/a>\n\t\t<\/div>\n\t\t\t\t<\/div>\n\t\t\t\t<\/div>\n\t\t\t\t\t<\/div>\n\t\t<\/div>\n\t\t\t\t\t\t\t<\/div>\n\t\t<\/section>\n\t\t\t\t\t<\/div>\n\t\t<\/div>\n\t\t\t\t\t\t\t<\/div>\n\t\t<\/section>\n\t\t\t\t<section class=\"elementor-section elementor-top-section elementor-element elementor-element-30bd7de elementor-hidden-desktop elementor-hidden-tablet elementor-hidden-mobile elementor-section-boxed elementor-section-height-default elementor-section-height-default\" data-id=\"30bd7de\" data-element_type=\"section\">\n\t\t\t\t\t\t<div class=\"elementor-container elementor-column-gap-default\">\n\t\t\t\t\t<div class=\"elementor-column elementor-col-100 elementor-top-column elementor-element elementor-element-cd79d1d\" data-id=\"cd79d1d\" data-element_type=\"column\">\n\t\t\t<div class=\"elementor-widget-wrap elementor-element-populated\">\n\t\t\t\t\t\t\t\t<div class=\"elementor-element elementor-element-46aad00 elementor-widget elementor-widget-heading\" data-id=\"46aad00\" data-element_type=\"widget\" data-widget_type=\"heading.default\">\n\t\t\t\t<div class=\"elementor-widget-container\">\n\t\t\t<h2 class=\"elementor-heading-title elementor-size-default\">MILEDRIVE \u2013 TIEDOLLA TULOKSIIN<\/h2>\t\t<\/div>\n\t\t\t\t<\/div>\n\t\t\t\t<div class=\"elementor-element elementor-element-f1e6929 elementor-widget elementor-widget-text-editor\" data-id=\"f1e6929\" data-element_type=\"widget\" data-widget_type=\"text-editor.default\">\n\t\t\t\t<div class=\"elementor-widget-container\">\n\t\t\t\t\t\t\t<p class=\"\"><span class=\"\">\u201dKulttuuri kaataa yrityksi\u00e4, pit\u00e4\u00e4 ne voittoputkessa tai tekee niist\u00e4 voimaisia muutokselle. Jotta yrityksen kulttuuria voisi muotoilla parempaan, tulee tiet\u00e4\u00e4 miss\u00e4 ollaan juuri nyt, ja mihin halutaan yhdess\u00e4 menn\u00e4.\u201d<\/span><\/p><p class=\"\"><strong><span class=\"\">Yrityskulttuuria joko kehitet\u00e4\u00e4n tai se kehittyy\u00a0<\/span><\/strong><\/p><p class=\"\"><span class=\"\">Yrityskulttuuri ei ole itsess\u00e4\u00e4n hyv\u00e4 tai huono. Kulttuuria tulee aina tarkastella suhteessa yrityksen strategiaan: Mit\u00e4 halutaan yhdess\u00e4 saada aikaiseksi, miten ja mihin suuntaan halutaan yhdess\u00e4 kulkea? Jokaisen organisaation kulttuurissa on my\u00f6s hiljainen oletus, kuin kuiskaus siit\u00e4, mit\u00e4 t\u00e4\u00e4ll\u00e4 ajatellaan ihmisest\u00e4. Yrityskulttuuriin muotoutunut k\u00e4sitys ihmisest\u00e4 taas voi olla hyv\u00e4 tai huonompi: se joko est\u00e4\u00e4 tai vapauttaa ihmisen koko potentiaalin toimintaan.<\/span><\/p><p class=\"\"><span class=\"\">Miledrive on palvelu, joka tekee n\u00e4kyv\u00e4ksi, miten ihmisten koko potentiaali on k\u00e4yt\u00f6ss\u00e4 organisaatiossa. Miledrive huomio ihmisyyden yrityskulttuurin kehitt\u00e4misess\u00e4 ainutlaatuisella tavalla ja tarjoaa tiimitasoisia, konkreettisia sek\u00e4 strategian toteutumista edist\u00e4vi\u00e4 ehdotuksia yrityksesi kulttuurin kehitt\u00e4miseen.<\/span><\/p><p class=\"\"><span class=\"\">Kohderyhm\u00e4: Koko organisaatio<\/span><\/p><p class=\"\"><span class=\"\">Hankkeen kesto: Noin nelj\u00e4 viikkoa<\/span><\/p><p class=\"\"><span class=\"\">Hinta: Alkaen 4 500\u20ac<\/span><\/p><p class=\"\"><span class=\"\">Varaa esittely xxxx<\/span><\/p>\t\t\t\t\t\t<\/div>\n\t\t\t\t<\/div>\n\t\t\t\t<div class=\"elementor-element elementor-element-357fa73 elementor-widget elementor-widget-heading\" data-id=\"357fa73\" data-element_type=\"widget\" data-widget_type=\"heading.default\">\n\t\t\t\t<div class=\"elementor-widget-container\">\n\t\t\t<h2 class=\"elementor-heading-title elementor-size-default\">DIGITAALINEN ARVODIALOGI<\/h2>\t\t<\/div>\n\t\t\t\t<\/div>\n\t\t\t\t<div class=\"elementor-element elementor-element-500de40 elementor-widget elementor-widget-text-editor\" data-id=\"500de40\" data-element_type=\"widget\" data-widget_type=\"text-editor.default\">\n\t\t\t\t<div class=\"elementor-widget-container\">\n\t\t\t\t\t\t\t<p class=\"\"><span class=\"\">\u201cLuodaan yhdess\u00e4 yrityksesi arvoista sellainen majakka, joka ohjaa kaikkea toimintaa kohti haluttua p\u00e4\u00e4m\u00e4\u00e4r\u00e4\u00e4. Osallistetaan koko henkil\u00f6st\u00f6 niin, ett\u00e4 jokainen voi tuntea arvot omakseen. Koska kaikki l\u00e4htee arvoista!\u201d<\/span><\/p><p class=\"\"><span class=\"\">Milestonen osallistava arvodialogi tuo arvot jokaisen omiksi tarinallisuuden ja omakohtaistamisen menetelmien avulla. Arvojen kautta m\u00e4\u00e4rittyy haluttu k\u00e4ytt\u00e4ytyminen ja toiminta arjessa ja ne auttavat ihmisi\u00e4 tiukan paikan tullen valitsemaan parhaimman mahdollisen vaihtoehdon etenemiselle.<\/span><\/p><p class=\"\"><span class=\"\">Olipa yrityksess\u00e4si arvoprosessi kokonaan l\u00e4ht\u00f6kuopissa tai kaipaat vain pient\u00e4 freesausta arvoihinne, unohda aikaa viev\u00e4t ja uuvuttavat roadshowt! Ota meihin yhteytt\u00e4! Kerromme mielell\u00e4mme lis\u00e4\u00e4 siit\u00e4, miten voit digitaalisen dialogin avulla ty\u00f6skennell\u00e4 koko organisaation kanssa ketter\u00e4sti, tehokkaasti ja samanaikaisesti.<\/span><\/p><p class=\"\"><span class=\"\">Varaa esittely xxxx<\/span><\/p><p class=\"\"><span class=\"\">Kohderyhm\u00e4: Koko organisaatio<\/span><\/p><p class=\"\"><span class=\"\">Hankkeen kesto: Kaksi kuukautta<\/span><\/p><p class=\"\"><span class=\"\">Aikainvestointi\/henkil\u00f6: 2-3h digitaalinen arvodialogi + digitaalinen alku- ja lopputy\u00f6skentely<\/span><\/p><p class=\"\"><span class=\"\">Hinta: Alkaen 14 000\u20ac + alv.<\/span><\/p>\t\t\t\t\t\t<\/div>\n\t\t\t\t<\/div>\n\t\t\t\t\t<\/div>\n\t\t<\/div>\n\t\t\t\t\t\t\t<\/div>\n\t\t<\/section>\n\t\t\t\t\t\t<\/div>\n\t\t\t\t\t<\/div>\n\t\t","protected":false},"excerpt":{"rendered":"<p>Organisaatio Miledrive &#8211; tiedolla tuloksiin \u201dKulttuuri kaataa yrityksi\u00e4, pit\u00e4\u00e4 ne voittoputkessa tai tekee niist\u00e4 voimaisia muutokselle. Jotta yrityksen kulttuuria voisi muotoilla parempaan, tulee tiet\u00e4\u00e4 miss\u00e4 ollaan juuri nyt, ja mihin halutaan yhdess\u00e4 menn\u00e4.\u201d Lue lis\u00e4\u00e4 \u201dKulttuuri kaataa yrityksi\u00e4, pit\u00e4\u00e4 ne voittoputkessa tai tekee niist\u00e4 voimaisia muutokselle. Jotta yrityksen kulttuuria voisi muotoilla parempaan, tulee tiet\u00e4\u00e4 miss\u00e4 [&hellip;]<\/p>\n","protected":false},"author":42,"featured_media":0,"parent":0,"menu_order":0,"comment_status":"closed","ping_status":"closed","template":"elementor_header_footer","meta":[],"yoast_head":"<!-- This site is optimized with the Yoast SEO plugin v15.0 - https:\/\/yoast.com\/wordpress\/plugins\/seo\/ -->\n<title>Organisaatio | Milestone<\/title>\n<meta name=\"robots\" content=\"index, follow, max-snippet:-1, max-image-preview:large, max-video-preview:-1\" \/>\n<link rel=\"canonical\" href=\"https:\/\/web01.hsworks.fi\/~milestonefi\/organisaatio\/\" \/>\n<meta property=\"og:locale\" content=\"fi_FI\" \/>\n<meta property=\"og:type\" content=\"article\" \/>\n<meta property=\"og:title\" content=\"Organisaatio | Milestone\" \/>\n<meta property=\"og:description\" content=\"Organisaatio Miledrive &#8211; tiedolla tuloksiin \u201dKulttuuri kaataa yrityksi\u00e4, pit\u00e4\u00e4 ne voittoputkessa tai tekee niist\u00e4 voimaisia muutokselle. Jotta yrityksen kulttuuria voisi muotoilla parempaan, tulee tiet\u00e4\u00e4 miss\u00e4 ollaan juuri nyt, ja mihin halutaan yhdess\u00e4 menn\u00e4.\u201d Lue lis\u00e4\u00e4 \u201dKulttuuri kaataa yrityksi\u00e4, pit\u00e4\u00e4 ne voittoputkessa tai tekee niist\u00e4 voimaisia muutokselle. Jotta yrityksen kulttuuria voisi muotoilla parempaan, tulee tiet\u00e4\u00e4 miss\u00e4 [&hellip;]\" \/>\n<meta property=\"og:url\" content=\"https:\/\/web01.hsworks.fi\/~milestonefi\/organisaatio\/\" \/>\n<meta property=\"og:site_name\" content=\"Milestone\" \/>\n<meta property=\"article:modified_time\" content=\"2022-01-19T13:06:08+00:00\" \/>\n<meta property=\"og:image\" content=\"https:\/\/web01.hsworks.fi\/~milestonefi\/wp-content\/uploads\/7-1300x866.jpg\" \/>\n<meta name=\"twitter:card\" content=\"summary_large_image\" \/>\n<script type=\"application\/ld+json\" class=\"yoast-schema-graph\">{\"@context\":\"https:\/\/schema.org\",\"@graph\":[{\"@type\":\"Organization\",\"@id\":\"https:\/\/web01.hsworks.fi\/~milestonefi\/#organization\",\"name\":\"Milestone\",\"url\":\"https:\/\/web01.hsworks.fi\/~milestonefi\/\",\"sameAs\":[],\"logo\":{\"@type\":\"ImageObject\",\"@id\":\"https:\/\/web01.hsworks.fi\/~milestonefi\/#logo\",\"inLanguage\":\"fi\",\"url\":\"https:\/\/web01.hsworks.fi\/~milestonefi\/wp-content\/uploads\/milestone-logo-black.png\",\"width\":548,\"height\":354,\"caption\":\"Milestone\"},\"image\":{\"@id\":\"https:\/\/web01.hsworks.fi\/~milestonefi\/#logo\"}},{\"@type\":\"WebSite\",\"@id\":\"https:\/\/web01.hsworks.fi\/~milestonefi\/#website\",\"url\":\"https:\/\/web01.hsworks.fi\/~milestonefi\/\",\"name\":\"Milestone\",\"description\":\"Yrityskulttuurin muotoilutoimisto\",\"publisher\":{\"@id\":\"https:\/\/web01.hsworks.fi\/~milestonefi\/#organization\"},\"potentialAction\":[{\"@type\":\"SearchAction\",\"target\":\"https:\/\/web01.hsworks.fi\/~milestonefi\/?s={search_term_string}\",\"query-input\":\"required name=search_term_string\"}],\"inLanguage\":\"fi\"},{\"@type\":\"ImageObject\",\"@id\":\"https:\/\/web01.hsworks.fi\/~milestonefi\/organisaatio\/#primaryimage\",\"inLanguage\":\"fi\",\"url\":\"https:\/\/web01.hsworks.fi\/~milestonefi\/wp-content\/uploads\/7.jpg\",\"width\":2000,\"height\":1333,\"caption\":\"Kokous, tietokone\"},{\"@type\":\"WebPage\",\"@id\":\"https:\/\/web01.hsworks.fi\/~milestonefi\/organisaatio\/#webpage\",\"url\":\"https:\/\/web01.hsworks.fi\/~milestonefi\/organisaatio\/\",\"name\":\"Organisaatio | Milestone\",\"isPartOf\":{\"@id\":\"https:\/\/web01.hsworks.fi\/~milestonefi\/#website\"},\"primaryImageOfPage\":{\"@id\":\"https:\/\/web01.hsworks.fi\/~milestonefi\/organisaatio\/#primaryimage\"},\"datePublished\":\"2021-12-02T10:22:13+00:00\",\"dateModified\":\"2022-01-19T13:06:08+00:00\",\"inLanguage\":\"fi\",\"potentialAction\":[{\"@type\":\"ReadAction\",\"target\":[\"https:\/\/web01.hsworks.fi\/~milestonefi\/organisaatio\/\"]}]}]}<\/script>\n<!-- \/ Yoast SEO plugin. -->","_links":{"self":[{"href":"https:\/\/web01.hsworks.fi\/~milestonefi\/wp-json\/wp\/v2\/pages\/1282"}],"collection":[{"href":"https:\/\/web01.hsworks.fi\/~milestonefi\/wp-json\/wp\/v2\/pages"}],"about":[{"href":"https:\/\/web01.hsworks.fi\/~milestonefi\/wp-json\/wp\/v2\/types\/page"}],"author":[{"embeddable":true,"href":"https:\/\/web01.hsworks.fi\/~milestonefi\/wp-json\/wp\/v2\/users\/42"}],"replies":[{"embeddable":true,"href":"https:\/\/web01.hsworks.fi\/~milestonefi\/wp-json\/wp\/v2\/comments?post=1282"}],"version-history":[{"count":103,"href":"https:\/\/web01.hsworks.fi\/~milestonefi\/wp-json\/wp\/v2\/pages\/1282\/revisions"}],"predecessor-version":[{"id":2216,"href":"https:\/\/web01.hsworks.fi\/~milestonefi\/wp-json\/wp\/v2\/pages\/1282\/revisions\/2216"}],"wp:attachment":[{"href":"https:\/\/web01.hsworks.fi\/~milestonefi\/wp-json\/wp\/v2\/media?parent=1282"}],"curies":[{"name":"wp","href":"https:\/\/api.w.org\/{rel}","templated":true}]}}