{"id":1284,"date":"2021-12-01T21:13:52","date_gmt":"2021-12-01T19:13:52","guid":{"rendered":"https:\/\/web01.hsworks.fi\/~milestonefi\/etusivu-2-copy-copy-copy-copy\/"},"modified":"2022-01-19T14:47:12","modified_gmt":"2022-01-19T12:47:12","slug":"esimiehet","status":"publish","type":"page","link":"https:\/\/web01.hsworks.fi\/~milestonefi\/esimiehet\/","title":{"rendered":"Esimiehet"},"content":{"rendered":"\t\t<div data-elementor-type=\"wp-page\" data-elementor-id=\"1284\" class=\"elementor elementor-1284\" data-elementor-settings=\"[]\">\n\t\t\t\t\t\t\t<div class=\"elementor-section-wrap\">\n\t\t\t\t\t\t\t<section class=\"elementor-section elementor-top-section elementor-element elementor-element-5dcdebc elementor-section-boxed elementor-section-height-default elementor-section-height-default\" data-id=\"5dcdebc\" data-element_type=\"section\" data-settings=\"{&quot;background_background&quot;:&quot;classic&quot;}\">\n\t\t\t\t\t\t\t<div class=\"elementor-background-overlay\"><\/div>\n\t\t\t\t\t\t\t<div class=\"elementor-container elementor-column-gap-default\">\n\t\t\t\t\t<div class=\"elementor-column elementor-col-100 elementor-top-column elementor-element elementor-element-e9d8109\" data-id=\"e9d8109\" data-element_type=\"column\">\n\t\t\t<div class=\"elementor-widget-wrap elementor-element-populated\">\n\t\t\t\t\t\t\t\t<div class=\"elementor-element elementor-element-60a311a elementor-widget elementor-widget-heading\" data-id=\"60a311a\" data-element_type=\"widget\" data-widget_type=\"heading.default\">\n\t\t\t\t<div class=\"elementor-widget-container\">\n\t\t\t<h2 class=\"elementor-heading-title elementor-size-default\">Esimiehet<\/h2>\t\t<\/div>\n\t\t\t\t<\/div>\n\t\t\t\t\t<\/div>\n\t\t<\/div>\n\t\t\t\t\t\t\t<\/div>\n\t\t<\/section>\n\t\t\t\t<section class=\"elementor-section elementor-top-section elementor-element elementor-element-2af7d8e elementor-section-boxed elementor-section-height-default elementor-section-height-default\" data-id=\"2af7d8e\" data-element_type=\"section\">\n\t\t\t\t\t\t<div class=\"elementor-container elementor-column-gap-default\">\n\t\t\t\t\t<div class=\"elementor-column elementor-col-100 elementor-top-column elementor-element elementor-element-0fde7e4\" data-id=\"0fde7e4\" data-element_type=\"column\">\n\t\t\t<div class=\"elementor-widget-wrap elementor-element-populated\">\n\t\t\t\t\t\t\t\t<section class=\"elementor-section elementor-inner-section elementor-element elementor-element-a1c28e8 elementor-section-boxed elementor-section-height-default elementor-section-height-default\" data-id=\"a1c28e8\" data-element_type=\"section\">\n\t\t\t\t\t\t<div class=\"elementor-container elementor-column-gap-default\">\n\t\t\t\t\t<div class=\"elementor-column elementor-col-100 elementor-inner-column elementor-element elementor-element-c512cb1\" data-id=\"c512cb1\" data-element_type=\"column\">\n\t\t\t<div class=\"elementor-widget-wrap elementor-element-populated\">\n\t\t\t\t\t\t\t\t<div class=\"elementor-element elementor-element-57b3268 elementor-align-left elementor-widget elementor-widget-button\" data-id=\"57b3268\" data-element_type=\"widget\" data-widget_type=\"button.default\">\n\t\t\t\t<div class=\"elementor-widget-container\">\n\t\t\t\t\t<div class=\"elementor-button-wrapper\">\n\t\t\t<a href=\"https:\/\/web01.hsworks.fi\/~milestonefi\/yhteystiedot\/\" class=\"elementor-button-link elementor-button elementor-size-sm\" role=\"button\">\n\t\t\t\t\t\t<span class=\"elementor-button-content-wrapper\">\n\t\t\t\t\t\t<span class=\"elementor-button-text\">Varaa esittely<\/span>\n\t\t<\/span>\n\t\t\t\t\t<\/a>\n\t\t<\/div>\n\t\t\t\t<\/div>\n\t\t\t\t<\/div>\n\t\t\t\t\t<\/div>\n\t\t<\/div>\n\t\t\t\t\t\t\t<\/div>\n\t\t<\/section>\n\t\t\t\t<div class=\"elementor-element elementor-element-9cb021a elementor-widget elementor-widget-accordion\" data-id=\"9cb021a\" data-element_type=\"widget\" data-widget_type=\"accordion.default\">\n\t\t\t\t<div class=\"elementor-widget-container\">\n\t\t\t\t\t<div class=\"elementor-accordion\" role=\"tablist\">\n\t\t\t\t\t\t\t<div class=\"elementor-accordion-item\">\n\t\t\t\t\t<div id=\"elementor-tab-title-1641\" class=\"elementor-tab-title\" data-tab=\"1\" role=\"tab\" aria-controls=\"elementor-tab-content-1641\" aria-expanded=\"false\">\n\t\t\t\t\t\t\t\t\t\t\t\t<a class=\"elementor-accordion-title\" href=\"\">Certified Human Leader<\/a>\n\t\t\t\t\t<\/div>\n\t\t\t\t\t<div id=\"elementor-tab-content-1641\" class=\"elementor-tab-content elementor-clearfix\" data-tab=\"1\" role=\"tabpanel\" aria-labelledby=\"elementor-tab-title-1641\"><p>Certified Human Leader -valmennusohjelma on tie moderniin, ihmisl\u00e4ht\u00f6iseen johtamiseen. Autamme sinua n\u00e4kem\u00e4\u00e4n ihmiset ihmisin\u00e4 ja kohtelemaan heit\u00e4 sen mukaisesti. Avaa silm\u00e4si uuteen yrityskulttuuriin!\u00a0<\/p><\/div>\n\t\t\t\t<\/div>\n\t\t\t\t\t\t\t<div class=\"elementor-accordion-item\">\n\t\t\t\t\t<div id=\"elementor-tab-title-1642\" class=\"elementor-tab-title\" data-tab=\"2\" role=\"tab\" aria-controls=\"elementor-tab-content-1642\" aria-expanded=\"false\">\n\t\t\t\t\t\t\t\t\t\t\t\t<a class=\"elementor-accordion-title\" href=\"\">Lue lis\u00e4\u00e4<\/a>\n\t\t\t\t\t<\/div>\n\t\t\t\t\t<div id=\"elementor-tab-content-1642\" class=\"elementor-tab-content elementor-clearfix\" data-tab=\"2\" role=\"tabpanel\" aria-labelledby=\"elementor-tab-title-1642\"><p>Certified Human Leader -valmennusohjelma on tie moderniin, ihmisl\u00e4ht\u00f6iseen johtamiseen. Autamme sinua n\u00e4kem\u00e4\u00e4n ihmiset ihmisin\u00e4 ja kohtelemaan heit\u00e4 sen mukaisesti. Avaa silm\u00e4si uuteen yrityskulttuuriin!\u00a0<br \/>Certified Human Leader on monimuoto-oppimista hy\u00f6dynt\u00e4v\u00e4 tai t\u00e4ysin digitaalinen esimiesten valmennusohjelma. Ohjelman tavoitteena on vahvistaa esimiesty\u00f6t\u00e4, joka pohjautuu kest\u00e4v\u00e4\u00e4n ihmisk\u00e4sitykseen ja n\u00e4in l\u00f6yt\u00e4\u00e4 parhaita tapoja vahvistaa arjen kohtaamisten laatua. Ohjelma rakentuu Milestonen ihmisk\u00e4sityksen yhdeks\u00e4n teeman ymp\u00e4rille ja haastaa pohtimaan, mit\u00e4 hyv\u00e4\u00e4 ihmisyyden huomioiminen kokonaisuudessaan voisi esimiesty\u00f6ss\u00e4 ja johtamisessa tuottaa.<br \/>Ohjelman aikana l\u00f6ydet\u00e4\u00e4n yhdess\u00e4 toimivia tapoja johtaa muuttuneessa ty\u00f6ymp\u00e4rist\u00f6ss\u00e4 ja tarjotaan tietoa, taitoa ja ty\u00f6kaluja oman ty\u00f6ryhm\u00e4n psykologisen turvallisuuden, luottamuksen ja vastuullisuuden lis\u00e4\u00e4miseen. Tavoitteena on tunnistaa, miten luoda koko yhteis\u00f6\u00f6n voittavia toimintamalleja, jotka samalla antavat ihmisten kasvaa kohti omaa huippuaan!<br \/><br \/>Kohderyhm\u00e4: Johto ja esimiehet<br \/>Hankkeen kesto: 6-12 kuukautta<br \/>Aikainvestointi: 4 1\/2 p\u00e4iv\u00e4\u00e4\u00a0<br \/>Hinta: Alkaen xx \u20ac<\/p><\/div>\n\t\t\t\t<\/div>\n\t\t\t\t\t\t\t\t<\/div>\n\t\t\t\t<\/div>\n\t\t\t\t<\/div>\n\t\t\t\t\t<\/div>\n\t\t<\/div>\n\t\t\t\t\t\t\t<\/div>\n\t\t<\/section>\n\t\t\t\t<section class=\"elementor-section elementor-top-section elementor-element elementor-element-762ee98 elementor-hidden-desktop elementor-hidden-tablet elementor-hidden-mobile elementor-section-boxed elementor-section-height-default elementor-section-height-default\" data-id=\"762ee98\" data-element_type=\"section\" data-settings=\"{&quot;background_background&quot;:&quot;classic&quot;}\">\n\t\t\t\t\t\t<div class=\"elementor-container elementor-column-gap-default\">\n\t\t\t\t\t<div class=\"elementor-column elementor-col-100 elementor-top-column elementor-element elementor-element-8634a60\" data-id=\"8634a60\" data-element_type=\"column\">\n\t\t\t<div class=\"elementor-widget-wrap elementor-element-populated\">\n\t\t\t\t\t\t\t\t<div class=\"elementor-element elementor-element-17f0998 elementor-widget elementor-widget-heading\" data-id=\"17f0998\" data-element_type=\"widget\" data-widget_type=\"heading.default\">\n\t\t\t\t<div class=\"elementor-widget-container\">\n\t\t\t<h2 class=\"elementor-heading-title elementor-size-default\">Teksti tulossa<\/h2>\t\t<\/div>\n\t\t\t\t<\/div>\n\t\t\t\t<section class=\"elementor-section elementor-inner-section elementor-element elementor-element-11a46dc elementor-section-boxed elementor-section-height-default elementor-section-height-default\" data-id=\"11a46dc\" data-element_type=\"section\">\n\t\t\t\t\t\t<div class=\"elementor-container elementor-column-gap-default\">\n\t\t\t\t\t<div class=\"elementor-column elementor-col-33 elementor-inner-column elementor-element elementor-element-63456fe\" data-id=\"63456fe\" data-element_type=\"column\">\n\t\t\t<div class=\"elementor-widget-wrap\">\n\t\t\t\t\t\t\t\t\t<\/div>\n\t\t<\/div>\n\t\t\t\t<div class=\"elementor-column elementor-col-33 elementor-inner-column elementor-element elementor-element-387c41e\" data-id=\"387c41e\" data-element_type=\"column\">\n\t\t\t<div class=\"elementor-widget-wrap elementor-element-populated\">\n\t\t\t\t\t\t\t\t<div class=\"elementor-element elementor-element-edf2410 elementor-widget elementor-widget-image\" data-id=\"edf2410\" data-element_type=\"widget\" data-widget_type=\"image.default\">\n\t\t\t\t<div class=\"elementor-widget-container\">\n\t\t\t\t\t\t\t\t\t\t\t\t\t\t\t<img width=\"1200\" height=\"799\" src=\"https:\/\/web01.hsworks.fi\/~milestonefi\/wp-content\/uploads\/4-1300x866.jpg\" class=\"attachment-large size-large\" alt=\"Kokous\" loading=\"lazy\" srcset=\"https:\/\/web01.hsworks.fi\/~milestonefi\/wp-content\/uploads\/4-1300x866.jpg 1300w, https:\/\/web01.hsworks.fi\/~milestonefi\/wp-content\/uploads\/4-600x400.jpg 600w, https:\/\/web01.hsworks.fi\/~milestonefi\/wp-content\/uploads\/4-300x200.jpg 300w, https:\/\/web01.hsworks.fi\/~milestonefi\/wp-content\/uploads\/4-768x512.jpg 768w, https:\/\/web01.hsworks.fi\/~milestonefi\/wp-content\/uploads\/4-1536x1024.jpg 1536w, https:\/\/web01.hsworks.fi\/~milestonefi\/wp-content\/uploads\/4.jpg 2000w\" sizes=\"(max-width: 1200px) 100vw, 1200px\" \/>\t\t\t\t\t\t\t\t\t\t\t\t\t\t\t<\/div>\n\t\t\t\t<\/div>\n\t\t\t\t<div class=\"elementor-element elementor-element-ed6e147 elementor-widget elementor-widget-heading\" data-id=\"ed6e147\" data-element_type=\"widget\" data-widget_type=\"heading.default\">\n\t\t\t\t<div class=\"elementor-widget-container\">\n\t\t\t<h2 class=\"elementor-heading-title elementor-size-default\">Certified Human Leader <\/h2>\t\t<\/div>\n\t\t\t\t<\/div>\n\t\t\t\t<div class=\"elementor-element elementor-element-1a5a483 elementor-align-center elementor-widget elementor-widget-button\" data-id=\"1a5a483\" data-element_type=\"widget\" data-widget_type=\"button.default\">\n\t\t\t\t<div class=\"elementor-widget-container\">\n\t\t\t\t\t<div class=\"elementor-button-wrapper\">\n\t\t\t<a href=\"https:\/\/web01.hsworks.fi\/~milestonefi\/certified-human-leader\/\" class=\"elementor-button-link elementor-button elementor-size-sm\" role=\"button\">\n\t\t\t\t\t\t<span class=\"elementor-button-content-wrapper\">\n\t\t\t\t\t\t<span class=\"elementor-button-text\">Lue lis\u00e4\u00e4<\/span>\n\t\t<\/span>\n\t\t\t\t\t<\/a>\n\t\t<\/div>\n\t\t\t\t<\/div>\n\t\t\t\t<\/div>\n\t\t\t\t\t<\/div>\n\t\t<\/div>\n\t\t\t\t<div class=\"elementor-column elementor-col-33 elementor-inner-column elementor-element elementor-element-bad7c73\" data-id=\"bad7c73\" data-element_type=\"column\">\n\t\t\t<div class=\"elementor-widget-wrap\">\n\t\t\t\t\t\t\t\t\t<\/div>\n\t\t<\/div>\n\t\t\t\t\t\t\t<\/div>\n\t\t<\/section>\n\t\t\t\t\t<\/div>\n\t\t<\/div>\n\t\t\t\t\t\t\t<\/div>\n\t\t<\/section>\n\t\t\t\t<section class=\"elementor-section elementor-top-section elementor-element elementor-element-30bd7de elementor-hidden-desktop elementor-hidden-tablet elementor-hidden-mobile elementor-section-boxed elementor-section-height-default elementor-section-height-default\" data-id=\"30bd7de\" data-element_type=\"section\">\n\t\t\t\t\t\t<div class=\"elementor-container elementor-column-gap-default\">\n\t\t\t\t\t<div class=\"elementor-column elementor-col-100 elementor-top-column elementor-element elementor-element-cd79d1d\" data-id=\"cd79d1d\" data-element_type=\"column\">\n\t\t\t<div class=\"elementor-widget-wrap elementor-element-populated\">\n\t\t\t\t\t\t\t\t<div class=\"elementor-element elementor-element-e060261 elementor-widget elementor-widget-heading\" data-id=\"e060261\" data-element_type=\"widget\" data-widget_type=\"heading.default\">\n\t\t\t\t<div class=\"elementor-widget-container\">\n\t\t\t<h2 class=\"elementor-heading-title elementor-size-default\">ESIMIEHET<\/h2>\t\t<\/div>\n\t\t\t\t<\/div>\n\t\t\t\t<div class=\"elementor-element elementor-element-292396e elementor-widget elementor-widget-text-editor\" data-id=\"292396e\" data-element_type=\"widget\" data-widget_type=\"text-editor.default\">\n\t\t\t\t<div class=\"elementor-widget-container\">\n\t\t\t\t\t\t\t<p>Lorem ipsum dolor sit amet, consectetur adipiscing elit. Ut elit tellus, luctus nec ullamcorper mattis, pulvinar dapibus leo.<\/p>\t\t\t\t\t\t<\/div>\n\t\t\t\t<\/div>\n\t\t\t\t<div class=\"elementor-element elementor-element-351b6a8 elementor-widget elementor-widget-heading\" data-id=\"351b6a8\" data-element_type=\"widget\" data-widget_type=\"heading.default\">\n\t\t\t\t<div class=\"elementor-widget-container\">\n\t\t\t<h2 class=\"elementor-heading-title elementor-size-default\">CERTIFIED HUMAN LEADER<\/h2>\t\t<\/div>\n\t\t\t\t<\/div>\n\t\t\t\t<div class=\"elementor-element elementor-element-485da37 elementor-widget elementor-widget-text-editor\" data-id=\"485da37\" data-element_type=\"widget\" data-widget_type=\"text-editor.default\">\n\t\t\t\t<div class=\"elementor-widget-container\">\n\t\t\t\t\t\t\t<p class=\"\"><span class=\"\">Certified Human Leader -valmennusohjelma on tie moderniin, ihmisl\u00e4ht\u00f6iseen johtamiseen. Autamme sinua n\u00e4kem\u00e4\u00e4n ihmiset ihmisin\u00e4 ja kohtelemaan heit\u00e4 sen mukaisesti. Avaa silm\u00e4si uuteen yrityskulttuuriin!<\/span><\/p><p class=\"\"><span class=\"\">Certified Human Leader on monimuoto-oppimista hy\u00f6dynt\u00e4v\u00e4 tai t\u00e4ysin digitaalinen esimiesten valmennusohjelma. Ohjelman tavoitteena on vahvistaa esimiesty\u00f6t\u00e4, joka pohjautuu kest\u00e4v\u00e4\u00e4n ihmisk\u00e4sitykseen ja n\u00e4in l\u00f6yt\u00e4\u00e4 parhaita tapoja vahvistaa arjen kohtaamisten laatua. Ohjelma rakentuu Milestonen ihmisk\u00e4sityksen yhdeks\u00e4n teeman ymp\u00e4rille ja haastaa pohtimaan, mit\u00e4 hyv\u00e4\u00e4 ihmisyyden huomioiminen kokonaisuudessaan voisi esimiesty\u00f6ss\u00e4 ja johtamisessa tuottaa.<\/span><\/p><p class=\"\"><span class=\"\">Ohjelman aikana l\u00f6ydet\u00e4\u00e4n yhdess\u00e4 toimivia tapoja johtaa muuttuneessa ty\u00f6ymp\u00e4rist\u00f6ss\u00e4 ja tarjotaan tietoa, taitoa ja ty\u00f6kaluja oman ty\u00f6ryhm\u00e4n psykologisen turvallisuuden, luottamuksen ja vastuullisuuden lis\u00e4\u00e4miseen. Ohjelma sis\u00e4lt\u00e4\u00e4 my\u00f6s vertaisryhm\u00e4keskusteluita, joissa yhdess\u00e4 pohditaan, miten luoda koko yhteis\u00f6\u00f6n voittavia toimintamalleja, jotka samalla antavat ihmisten kasvaa kohti omaa huippuaan!<\/span><\/p><p class=\"\"><span class=\"\">Varaa esittely xxxx<\/span><\/p><p class=\"\"><span class=\"\">Kohderyhm\u00e4: Johto ja esimiehet<\/span><\/p><p class=\"\"><span class=\"\">Hankkeen kesto: 6-24 kuukautta<\/span><\/p><p class=\"\"><span class=\"\">Aikainvestointi: 6 1\/2 p\u00e4iv\u00e4\u00e4 tai enemm\u00e4n<\/span><\/p><p class=\"\"><span class=\"\">Hinta: Alkaen xx \u20ac<\/span><\/p>\t\t\t\t\t\t<\/div>\n\t\t\t\t<\/div>\n\t\t\t\t\t<\/div>\n\t\t<\/div>\n\t\t\t\t\t\t\t<\/div>\n\t\t<\/section>\n\t\t\t\t\t\t<\/div>\n\t\t\t\t\t<\/div>\n\t\t","protected":false},"excerpt":{"rendered":"<p>Esimiehet Varaa esittely Certified Human Leader Certified Human Leader -valmennusohjelma on tie moderniin, ihmisl\u00e4ht\u00f6iseen johtamiseen. Autamme sinua n\u00e4kem\u00e4\u00e4n ihmiset ihmisin\u00e4 ja kohtelemaan heit\u00e4 sen mukaisesti. Avaa silm\u00e4si uuteen yrityskulttuuriin!\u00a0 Lue lis\u00e4\u00e4 Certified Human Leader -valmennusohjelma on tie moderniin, ihmisl\u00e4ht\u00f6iseen johtamiseen. Autamme sinua n\u00e4kem\u00e4\u00e4n ihmiset ihmisin\u00e4 ja kohtelemaan heit\u00e4 sen mukaisesti. Avaa silm\u00e4si uuteen yrityskulttuuriin!\u00a0Certified Human [&hellip;]<\/p>\n","protected":false},"author":42,"featured_media":0,"parent":0,"menu_order":0,"comment_status":"closed","ping_status":"closed","template":"elementor_header_footer","meta":[],"yoast_head":"<!-- This site is optimized with the Yoast SEO plugin v15.0 - https:\/\/yoast.com\/wordpress\/plugins\/seo\/ -->\n<title>Esimiehet | Milestone<\/title>\n<meta name=\"robots\" content=\"index, follow, max-snippet:-1, max-image-preview:large, max-video-preview:-1\" \/>\n<link rel=\"canonical\" href=\"https:\/\/web01.hsworks.fi\/~milestonefi\/esimiehet\/\" \/>\n<meta property=\"og:locale\" content=\"fi_FI\" \/>\n<meta property=\"og:type\" content=\"article\" \/>\n<meta property=\"og:title\" content=\"Esimiehet | Milestone\" \/>\n<meta property=\"og:description\" content=\"Esimiehet Varaa esittely Certified Human Leader Certified Human Leader -valmennusohjelma on tie moderniin, ihmisl\u00e4ht\u00f6iseen johtamiseen. Autamme sinua n\u00e4kem\u00e4\u00e4n ihmiset ihmisin\u00e4 ja kohtelemaan heit\u00e4 sen mukaisesti. Avaa silm\u00e4si uuteen yrityskulttuuriin!\u00a0 Lue lis\u00e4\u00e4 Certified Human Leader -valmennusohjelma on tie moderniin, ihmisl\u00e4ht\u00f6iseen johtamiseen. Autamme sinua n\u00e4kem\u00e4\u00e4n ihmiset ihmisin\u00e4 ja kohtelemaan heit\u00e4 sen mukaisesti. Avaa silm\u00e4si uuteen yrityskulttuuriin!\u00a0Certified Human [&hellip;]\" \/>\n<meta property=\"og:url\" content=\"https:\/\/web01.hsworks.fi\/~milestonefi\/esimiehet\/\" \/>\n<meta property=\"og:site_name\" content=\"Milestone\" \/>\n<meta property=\"article:modified_time\" content=\"2022-01-19T12:47:12+00:00\" \/>\n<meta property=\"og:image\" content=\"https:\/\/web01.hsworks.fi\/~milestonefi\/wp-content\/uploads\/4-1300x866.jpg\" \/>\n<meta name=\"twitter:card\" content=\"summary_large_image\" \/>\n<script type=\"application\/ld+json\" class=\"yoast-schema-graph\">{\"@context\":\"https:\/\/schema.org\",\"@graph\":[{\"@type\":\"Organization\",\"@id\":\"https:\/\/web01.hsworks.fi\/~milestonefi\/#organization\",\"name\":\"Milestone\",\"url\":\"https:\/\/web01.hsworks.fi\/~milestonefi\/\",\"sameAs\":[],\"logo\":{\"@type\":\"ImageObject\",\"@id\":\"https:\/\/web01.hsworks.fi\/~milestonefi\/#logo\",\"inLanguage\":\"fi\",\"url\":\"https:\/\/web01.hsworks.fi\/~milestonefi\/wp-content\/uploads\/milestone-logo-black.png\",\"width\":548,\"height\":354,\"caption\":\"Milestone\"},\"image\":{\"@id\":\"https:\/\/web01.hsworks.fi\/~milestonefi\/#logo\"}},{\"@type\":\"WebSite\",\"@id\":\"https:\/\/web01.hsworks.fi\/~milestonefi\/#website\",\"url\":\"https:\/\/web01.hsworks.fi\/~milestonefi\/\",\"name\":\"Milestone\",\"description\":\"Yrityskulttuurin muotoilutoimisto\",\"publisher\":{\"@id\":\"https:\/\/web01.hsworks.fi\/~milestonefi\/#organization\"},\"potentialAction\":[{\"@type\":\"SearchAction\",\"target\":\"https:\/\/web01.hsworks.fi\/~milestonefi\/?s={search_term_string}\",\"query-input\":\"required name=search_term_string\"}],\"inLanguage\":\"fi\"},{\"@type\":\"ImageObject\",\"@id\":\"https:\/\/web01.hsworks.fi\/~milestonefi\/esimiehet\/#primaryimage\",\"inLanguage\":\"fi\",\"url\":\"https:\/\/web01.hsworks.fi\/~milestonefi\/wp-content\/uploads\/4.jpg\",\"width\":2000,\"height\":1333,\"caption\":\"Kokous\"},{\"@type\":\"WebPage\",\"@id\":\"https:\/\/web01.hsworks.fi\/~milestonefi\/esimiehet\/#webpage\",\"url\":\"https:\/\/web01.hsworks.fi\/~milestonefi\/esimiehet\/\",\"name\":\"Esimiehet | Milestone\",\"isPartOf\":{\"@id\":\"https:\/\/web01.hsworks.fi\/~milestonefi\/#website\"},\"primaryImageOfPage\":{\"@id\":\"https:\/\/web01.hsworks.fi\/~milestonefi\/esimiehet\/#primaryimage\"},\"datePublished\":\"2021-12-01T19:13:52+00:00\",\"dateModified\":\"2022-01-19T12:47:12+00:00\",\"inLanguage\":\"fi\",\"potentialAction\":[{\"@type\":\"ReadAction\",\"target\":[\"https:\/\/web01.hsworks.fi\/~milestonefi\/esimiehet\/\"]}]}]}<\/script>\n<!-- \/ Yoast SEO plugin. -->","_links":{"self":[{"href":"https:\/\/web01.hsworks.fi\/~milestonefi\/wp-json\/wp\/v2\/pages\/1284"}],"collection":[{"href":"https:\/\/web01.hsworks.fi\/~milestonefi\/wp-json\/wp\/v2\/pages"}],"about":[{"href":"https:\/\/web01.hsworks.fi\/~milestonefi\/wp-json\/wp\/v2\/types\/page"}],"author":[{"embeddable":true,"href":"https:\/\/web01.hsworks.fi\/~milestonefi\/wp-json\/wp\/v2\/users\/42"}],"replies":[{"embeddable":true,"href":"https:\/\/web01.hsworks.fi\/~milestonefi\/wp-json\/wp\/v2\/comments?post=1284"}],"version-history":[{"count":42,"href":"https:\/\/web01.hsworks.fi\/~milestonefi\/wp-json\/wp\/v2\/pages\/1284\/revisions"}],"predecessor-version":[{"id":2212,"href":"https:\/\/web01.hsworks.fi\/~milestonefi\/wp-json\/wp\/v2\/pages\/1284\/revisions\/2212"}],"wp:attachment":[{"href":"https:\/\/web01.hsworks.fi\/~milestonefi\/wp-json\/wp\/v2\/media?parent=1284"}],"curies":[{"name":"wp","href":"https:\/\/api.w.org\/{rel}","templated":true}]}}