{"id":1289,"date":"2021-12-03T08:34:34","date_gmt":"2021-12-03T06:34:34","guid":{"rendered":"https:\/\/web01.hsworks.fi\/~milestonefi\/etusivu-2-copy-copy-copy-copy-copy-copy-copy-copy-copy\/"},"modified":"2022-01-26T11:13:44","modified_gmt":"2022-01-26T09:13:44","slug":"ihmiskasitys","status":"publish","type":"page","link":"https:\/\/web01.hsworks.fi\/~milestonefi\/ihmiskasitys\/","title":{"rendered":"Ihmisk\u00e4sitys"},"content":{"rendered":"\t\t<div data-elementor-type=\"wp-page\" data-elementor-id=\"1289\" class=\"elementor elementor-1289\" data-elementor-settings=\"[]\">\n\t\t\t\t\t\t\t<div class=\"elementor-section-wrap\">\n\t\t\t\t\t\t\t<section class=\"elementor-section elementor-top-section elementor-element elementor-element-9d94726 elementor-section-boxed elementor-section-height-default elementor-section-height-default\" data-id=\"9d94726\" data-element_type=\"section\" data-settings=\"{&quot;background_background&quot;:&quot;classic&quot;}\">\n\t\t\t\t\t\t\t<div class=\"elementor-background-overlay\"><\/div>\n\t\t\t\t\t\t\t<div class=\"elementor-container elementor-column-gap-default\">\n\t\t\t\t\t<div class=\"elementor-column elementor-col-100 elementor-top-column elementor-element elementor-element-fc33bbf\" data-id=\"fc33bbf\" data-element_type=\"column\">\n\t\t\t<div class=\"elementor-widget-wrap elementor-element-populated\">\n\t\t\t\t\t\t\t\t<div class=\"elementor-element elementor-element-b9e277b elementor-widget elementor-widget-heading\" data-id=\"b9e277b\" data-element_type=\"widget\" data-widget_type=\"heading.default\">\n\t\t\t\t<div class=\"elementor-widget-container\">\n\t\t\t<h2 class=\"elementor-heading-title elementor-size-default\">Ihmisk\u00e4sitys<\/h2>\t\t<\/div>\n\t\t\t\t<\/div>\n\t\t\t\t\t<\/div>\n\t\t<\/div>\n\t\t\t\t\t\t\t<\/div>\n\t\t<\/section>\n\t\t\t\t<section class=\"elementor-section elementor-top-section elementor-element elementor-element-baf1656 elementor-section-boxed elementor-section-height-default elementor-section-height-default\" data-id=\"baf1656\" data-element_type=\"section\" data-settings=\"{&quot;background_background&quot;:&quot;classic&quot;}\">\n\t\t\t\t\t\t<div class=\"elementor-container elementor-column-gap-default\">\n\t\t\t\t\t<div class=\"elementor-column elementor-col-100 elementor-top-column elementor-element elementor-element-bd9729c\" data-id=\"bd9729c\" data-element_type=\"column\">\n\t\t\t<div class=\"elementor-widget-wrap elementor-element-populated\">\n\t\t\t\t\t\t\t\t<section class=\"elementor-section elementor-inner-section elementor-element elementor-element-1237908 elementor-section-boxed elementor-section-height-default elementor-section-height-default\" data-id=\"1237908\" data-element_type=\"section\">\n\t\t\t\t\t\t<div class=\"elementor-container elementor-column-gap-default\">\n\t\t\t\t\t<div class=\"elementor-column elementor-col-50 elementor-inner-column elementor-element elementor-element-51897d0\" data-id=\"51897d0\" data-element_type=\"column\">\n\t\t\t<div class=\"elementor-widget-wrap elementor-element-populated\">\n\t\t\t\t\t\t\t\t<div class=\"elementor-element elementor-element-8f91f4d elementor-widget elementor-widget-image\" data-id=\"8f91f4d\" data-element_type=\"widget\" data-widget_type=\"image.default\">\n\t\t\t\t<div class=\"elementor-widget-container\">\n\t\t\t\t\t\t\t\t\t\t\t\t\t\t\t<img width=\"462\" height=\"476\" src=\"https:\/\/web01.hsworks.fi\/~milestonefi\/wp-content\/uploads\/Na\u0308ytto\u0308kuva-2022-1-26-kello-11.08.01.png\" class=\"attachment-large size-large\" alt=\"\" loading=\"lazy\" srcset=\"https:\/\/web01.hsworks.fi\/~milestonefi\/wp-content\/uploads\/Na\u0308ytto\u0308kuva-2022-1-26-kello-11.08.01.png 462w, https:\/\/web01.hsworks.fi\/~milestonefi\/wp-content\/uploads\/Na\u0308ytto\u0308kuva-2022-1-26-kello-11.08.01-388x400.png 388w, https:\/\/web01.hsworks.fi\/~milestonefi\/wp-content\/uploads\/Na\u0308ytto\u0308kuva-2022-1-26-kello-11.08.01-194x200.png 194w\" sizes=\"(max-width: 462px) 100vw, 462px\" \/>\t\t\t\t\t\t\t\t\t\t\t\t\t\t\t<\/div>\n\t\t\t\t<\/div>\n\t\t\t\t\t<\/div>\n\t\t<\/div>\n\t\t\t\t<div class=\"elementor-column elementor-col-50 elementor-inner-column elementor-element elementor-element-bb1409f\" data-id=\"bb1409f\" data-element_type=\"column\">\n\t\t\t<div class=\"elementor-widget-wrap elementor-element-populated\">\n\t\t\t\t\t\t\t\t<div class=\"elementor-element elementor-element-45b6f08 elementor-widget elementor-widget-text-editor\" data-id=\"45b6f08\" data-element_type=\"widget\" data-widget_type=\"text-editor.default\">\n\t\t\t\t<div class=\"elementor-widget-container\">\n\t\t\t\t\t\t\t<p><strong>Milestonen Ihmisk\u00e4sitys<\/strong><\/p><p>Autamme sinua n\u00e4kem\u00e4\u00e4n ihmiset ihmisin\u00e4 ja kohtelemaan heit\u00e4 sen mukaisesti.<\/p><p>Liiketoiminnan ihmisymm\u00e4rryst\u00e4 jo yli kahdenkymmenen vuoden ajan!<\/p><p>Milestonen palvelut perustuvat Milestonen Ihmisk\u00e4sitykseen (TM). Malli auttaa ymm\u00e4rt\u00e4m\u00e4\u00e4n, mit\u00e4 on t\u00e4rke\u00e4\u00e4 ottaa vakavasti ihmisen\u00e4 olemisessa ty\u00f6el\u00e4m\u00e4ss\u00e4.<\/p><p>Milestonen Ihmisk\u00e4sitys (TM) sis\u00e4lt\u00e4\u00e4 yhdeks\u00e4n ihmisyyden osa-aluetta, jonka mukaan ihminen on mittaamattoman arvokas, merkityksi\u00e4 hakeva, ainutlaatuinen, yhteis\u00f6llinen, vastuullinen, tunteva, kehollinen, keskener\u00e4inen sek\u00e4 oppiva ja luova.<\/p><p>Milestonen ihmisk\u00e4sitys (TM) auttaa n\u00e4kem\u00e4\u00e4n, mit\u00e4 ihmisyyden huomioiminen voisi parhaimmillaan ty\u00f6el\u00e4m\u00e4ss\u00e4 tarkoittaa. Jokaisessa yrityksess\u00e4 on joko tietoisesti tai tiedostamatta omaksuttu jonkinlainen ihmisk\u00e4sitys. T\u00e4m\u00e4 k\u00e4sitys vaikuttaa strategian toteutumiseen joko mahdollistaen tai hidastaen, ja muovaa yrityskulttuuria.\u00a0<\/p><p>K\u00e4sitys ihmisest\u00e4 m\u00e4\u00e4rittelee yrityksen rakenteita ja toimintatapoja sek\u00e4 vaikuttaa siihen, kuinka ihmisi\u00e4 ohjataan ja kuinka heihin suhtaudutaan. Esimerkiksi sopimukset ja s\u00e4\u00e4nn\u00f6t, palkitsemisj\u00e4rjestelm\u00e4t, palaverik\u00e4yt\u00e4nn\u00f6t ja muut toimintamallit heijastavat yrityksess\u00e4 olemassa olevaa k\u00e4sityst\u00e4 ihmisest\u00e4. Ihmisk\u00e4sitys ilmenee my\u00f6s yrityksen sis\u00e4isess\u00e4 viestinn\u00e4ss\u00e4 ja siin\u00e4 miten ihmiset kohdataan k\u00e4yt\u00e4vill\u00e4.\u00a0<\/p><p>Yrityksess\u00e4 vaikuttava ihmisk\u00e4sitys voi olla hyv\u00e4 tai huonompi. Se joko tekee yrityksist\u00e4 voimaisia tai kaataa niit\u00e4. Ota yhteytt\u00e4 ja jatketaan keskustelua siit\u00e4, miten teid\u00e4n yrityksenne ihmisk\u00e4sityst\u00e4 muuttamalla saamme ihmiset kasvamaan kohti omaa huippuaan ja nostamaan liiketoimintanne lentoon!<\/p><p>Kuuntele t\u00e4st\u00e4 tarina siit\u00e4,\u00a0 <a href=\"https:\/\/youtu.be\/UXx-OmTdTsw\"><u>MILLAISTA ON OLLA IHMINEN\u00a0<\/u><\/a><\/p>\t\t\t\t\t\t<\/div>\n\t\t\t\t<\/div>\n\t\t\t\t<div class=\"elementor-element elementor-element-3a0e9b8 elementor-align-left elementor-widget elementor-widget-button\" data-id=\"3a0e9b8\" data-element_type=\"widget\" data-widget_type=\"button.default\">\n\t\t\t\t<div class=\"elementor-widget-container\">\n\t\t\t\t\t<div class=\"elementor-button-wrapper\">\n\t\t\t<a href=\"https:\/\/web01.hsworks.fi\/~milestonefi\/yhteystiedot\/\" class=\"elementor-button-link elementor-button elementor-size-sm\" role=\"button\">\n\t\t\t\t\t\t<span class=\"elementor-button-content-wrapper\">\n\t\t\t\t\t\t<span class=\"elementor-button-text\">Ota yhteytt\u00e4<\/span>\n\t\t<\/span>\n\t\t\t\t\t<\/a>\n\t\t<\/div>\n\t\t\t\t<\/div>\n\t\t\t\t<\/div>\n\t\t\t\t\t<\/div>\n\t\t<\/div>\n\t\t\t\t\t\t\t<\/div>\n\t\t<\/section>\n\t\t\t\t\t<\/div>\n\t\t<\/div>\n\t\t\t\t\t\t\t<\/div>\n\t\t<\/section>\n\t\t\t\t<section class=\"elementor-section elementor-top-section elementor-element elementor-element-30bd7de elementor-hidden-desktop elementor-hidden-tablet elementor-hidden-mobile elementor-section-boxed elementor-section-height-default elementor-section-height-default\" data-id=\"30bd7de\" data-element_type=\"section\">\n\t\t\t\t\t\t<div class=\"elementor-container elementor-column-gap-default\">\n\t\t\t\t\t<div class=\"elementor-column elementor-col-100 elementor-top-column elementor-element elementor-element-cd79d1d\" data-id=\"cd79d1d\" data-element_type=\"column\">\n\t\t\t<div class=\"elementor-widget-wrap elementor-element-populated\">\n\t\t\t\t\t\t\t\t<div class=\"elementor-element elementor-element-4b481c4 elementor-widget elementor-widget-heading\" data-id=\"4b481c4\" data-element_type=\"widget\" data-widget_type=\"heading.default\">\n\t\t\t\t<div class=\"elementor-widget-container\">\n\t\t\t<h2 class=\"elementor-heading-title elementor-size-default\">Milestone ihmisk\u00e4sitys<\/h2>\t\t<\/div>\n\t\t\t\t<\/div>\n\t\t\t\t<div class=\"elementor-element elementor-element-292396e elementor-widget elementor-widget-text-editor\" data-id=\"292396e\" data-element_type=\"widget\" data-widget_type=\"text-editor.default\">\n\t\t\t\t<div class=\"elementor-widget-container\">\n\t\t\t\t\t\t\t<p class=\"\" align=\"center\"><span class=\"\">Autamme sinua n\u00e4kem\u00e4\u00e4n ihmiset ihmisin\u00e4 ja kohtelemaan heit\u00e4 sen mukaisesti.<\/span><\/p><p class=\"\" align=\"center\"><span class=\"\">Liiketoiminnan ihmisymm\u00e4rryst\u00e4 jo yli kahdenkymmenen vuoden ajan!<br class=\"\" \/><br class=\"\" \/>Milestonen palvelut perustuvat Milestonen Ihmisk\u00e4sitykseen (TM). Malli auttaa ymm\u00e4rt\u00e4m\u00e4\u00e4n, mit\u00e4 on t\u00e4rke\u00e4\u00e4 ottaa vakavasti ihmisen\u00e4 olemisessa ty\u00f6el\u00e4m\u00e4ss\u00e4.<\/span><\/p><p class=\"\" align=\"center\"><span class=\"\">Milestonen Ihmisk\u00e4sitys (TM) sis\u00e4lt\u00e4\u00e4 yhdeks\u00e4n ihmisyyden osa-aluetta, jonka mukaan ihminen on mittaamattoman arvokas, merkityksi\u00e4 hakeva, ainutlaatuinen, yhteis\u00f6llinen, vastuullinen, tunteva, kehollinen, keskener\u00e4inen sek\u00e4 oppiva ja luova.<\/span><\/p><p class=\"\"><span class=\"\">Milestonen ihmisk\u00e4sitys (TM) auttaa n\u00e4kem\u00e4\u00e4n, mit\u00e4 ihmisyyden huomioiminen voisi parhaimmillaan ty\u00f6el\u00e4m\u00e4ss\u00e4 tarkoittaa. Jokaisessa yrityksess\u00e4 on joko tietoisesti tai tiedostamatta omaksuttu jonkinlainen ihmisk\u00e4sitys. T\u00e4m\u00e4 k\u00e4sitys vaikuttaa strategian toteutumiseen joko mahdollistaen tai hidastaen, ja muovaa yrityskulttuuria.<\/span><\/p><p class=\"\"><span class=\"\">K\u00e4sitys ihmisest\u00e4 m\u00e4\u00e4rittelee yrityksen rakenteita ja toimintatapoja sek\u00e4 vaikuttaa siihen, kuinka ihmisi\u00e4 ohjataan ja kuinka heihin suhtaudutaan. Esimerkiksi sopimukset ja s\u00e4\u00e4nn\u00f6t, palkitsemisj\u00e4rjestelm\u00e4t, palaverik\u00e4yt\u00e4nn\u00f6t ja muut toimintamallit heijastavat yrityksess\u00e4 olemassa olevaa k\u00e4sityst\u00e4 ihmisest\u00e4. Ihmisk\u00e4sitys ilmenee my\u00f6s yrityksen sis\u00e4isess\u00e4 viestinn\u00e4ss\u00e4 ja siin\u00e4 miten ihmiset kohdataan k\u00e4yt\u00e4vill\u00e4.<\/span><\/p><p class=\"\"><span class=\"\">Yrityksess\u00e4 vaikuttava ihmisk\u00e4sitys voi olla hyv\u00e4 tai huonompi. Se joko tekee yrityksist\u00e4 voimaisia tai kaataa niit\u00e4. Ota yhteytt\u00e4 ja jatketaan keskustelua siit\u00e4, miten teid\u00e4n yrityksenne ihmisk\u00e4sityst\u00e4 muuttamalla saamme ihmiset kasvamaan kohti omaa huippuaan ja nostamaan liiketoimintanne lentoon!<\/span><\/p><p class=\"\"><span class=\"\">Kuuntele t\u00e4st\u00e4 tarina siit\u00e4,<span class=\"Apple-converted-space\">\u00a0\u00a0<\/span><a class=\"\" href=\"https:\/\/youtu.be\/UXx-OmTdTsw\"><u class=\"\">IHMISEN\u00c4 OLON VAIKEUDESTA.<\/u><\/a><u class=\"\">\u00a0(Laita t\u00e4m\u00e4 raita uusillekin sivuille, Mutta vaihda otsikko MILLAISTA ON OLLA IHMINEN<img loading=\"lazy\" class=\"alignnone size-medium wp-image-1179\" src=\"https:\/\/web01.hsworks.fi\/~milestonefi\/wp-content\/uploads\/milestone_ihmiska%CC%88sitys_1-566x400.jpg\" sizes=\"(max-width: 566px) 100vw, 566px\" srcset=\"https:\/\/web01.hsworks.fi\/~milestonefi\/wp-content\/uploads\/milestone_ihmiska\u0308sitys_1-566x400.jpg 566w, https:\/\/web01.hsworks.fi\/~milestonefi\/wp-content\/uploads\/milestone_ihmiska\u0308sitys_1-1273x900.jpg 1273w, https:\/\/web01.hsworks.fi\/~milestonefi\/wp-content\/uploads\/milestone_ihmiska\u0308sitys_1-283x200.jpg 283w, https:\/\/web01.hsworks.fi\/~milestonefi\/wp-content\/uploads\/milestone_ihmiska\u0308sitys_1-768x543.jpg 768w, https:\/\/web01.hsworks.fi\/~milestonefi\/wp-content\/uploads\/milestone_ihmiska\u0308sitys_1-1536x1086.jpg 1536w, https:\/\/web01.hsworks.fi\/~milestonefi\/wp-content\/uploads\/milestone_ihmiska\u0308sitys_1.jpg 2000w\" alt=\"\" width=\"566\" height=\"400\" \/><\/u><\/span><\/p>\t\t\t\t\t\t<\/div>\n\t\t\t\t<\/div>\n\t\t\t\t\t<\/div>\n\t\t<\/div>\n\t\t\t\t\t\t\t<\/div>\n\t\t<\/section>\n\t\t\t\t\t\t<\/div>\n\t\t\t\t\t<\/div>\n\t\t","protected":false},"excerpt":{"rendered":"<p>Ihmisk\u00e4sitys Milestonen Ihmisk\u00e4sitys Autamme sinua n\u00e4kem\u00e4\u00e4n ihmiset ihmisin\u00e4 ja kohtelemaan heit\u00e4 sen mukaisesti. Liiketoiminnan ihmisymm\u00e4rryst\u00e4 jo yli kahdenkymmenen vuoden ajan! Milestonen palvelut perustuvat Milestonen Ihmisk\u00e4sitykseen (TM). Malli auttaa ymm\u00e4rt\u00e4m\u00e4\u00e4n, mit\u00e4 on t\u00e4rke\u00e4\u00e4 ottaa vakavasti ihmisen\u00e4 olemisessa ty\u00f6el\u00e4m\u00e4ss\u00e4. Milestonen Ihmisk\u00e4sitys (TM) sis\u00e4lt\u00e4\u00e4 yhdeks\u00e4n ihmisyyden osa-aluetta, jonka mukaan ihminen on mittaamattoman arvokas, merkityksi\u00e4 hakeva, ainutlaatuinen, yhteis\u00f6llinen, vastuullinen, [&hellip;]<\/p>\n","protected":false},"author":42,"featured_media":0,"parent":0,"menu_order":0,"comment_status":"closed","ping_status":"closed","template":"elementor_header_footer","meta":[],"yoast_head":"<!-- This site is optimized with the Yoast SEO plugin v15.0 - https:\/\/yoast.com\/wordpress\/plugins\/seo\/ -->\n<title>Ihmisk\u00e4sitys | Milestone<\/title>\n<meta name=\"robots\" content=\"index, follow, max-snippet:-1, max-image-preview:large, max-video-preview:-1\" \/>\n<link rel=\"canonical\" href=\"https:\/\/web01.hsworks.fi\/~milestonefi\/ihmiskasitys\/\" \/>\n<meta property=\"og:locale\" content=\"fi_FI\" \/>\n<meta property=\"og:type\" content=\"article\" \/>\n<meta property=\"og:title\" content=\"Ihmisk\u00e4sitys | Milestone\" \/>\n<meta property=\"og:description\" content=\"Ihmisk\u00e4sitys Milestonen Ihmisk\u00e4sitys Autamme sinua n\u00e4kem\u00e4\u00e4n ihmiset ihmisin\u00e4 ja kohtelemaan heit\u00e4 sen mukaisesti. Liiketoiminnan ihmisymm\u00e4rryst\u00e4 jo yli kahdenkymmenen vuoden ajan! Milestonen palvelut perustuvat Milestonen Ihmisk\u00e4sitykseen (TM). Malli auttaa ymm\u00e4rt\u00e4m\u00e4\u00e4n, mit\u00e4 on t\u00e4rke\u00e4\u00e4 ottaa vakavasti ihmisen\u00e4 olemisessa ty\u00f6el\u00e4m\u00e4ss\u00e4. Milestonen Ihmisk\u00e4sitys (TM) sis\u00e4lt\u00e4\u00e4 yhdeks\u00e4n ihmisyyden osa-aluetta, jonka mukaan ihminen on mittaamattoman arvokas, merkityksi\u00e4 hakeva, ainutlaatuinen, yhteis\u00f6llinen, vastuullinen, [&hellip;]\" \/>\n<meta property=\"og:url\" content=\"https:\/\/web01.hsworks.fi\/~milestonefi\/ihmiskasitys\/\" \/>\n<meta property=\"og:site_name\" content=\"Milestone\" \/>\n<meta property=\"article:modified_time\" content=\"2022-01-26T09:13:44+00:00\" \/>\n<meta property=\"og:image\" content=\"https:\/\/web01.hsworks.fi\/~milestonefi\/wp-content\/uploads\/Na\u0308ytto\u0308kuva-2022-1-26-kello-11.08.01.png\" \/>\n<meta name=\"twitter:card\" content=\"summary_large_image\" \/>\n<script type=\"application\/ld+json\" class=\"yoast-schema-graph\">{\"@context\":\"https:\/\/schema.org\",\"@graph\":[{\"@type\":\"Organization\",\"@id\":\"https:\/\/web01.hsworks.fi\/~milestonefi\/#organization\",\"name\":\"Milestone\",\"url\":\"https:\/\/web01.hsworks.fi\/~milestonefi\/\",\"sameAs\":[],\"logo\":{\"@type\":\"ImageObject\",\"@id\":\"https:\/\/web01.hsworks.fi\/~milestonefi\/#logo\",\"inLanguage\":\"fi\",\"url\":\"https:\/\/web01.hsworks.fi\/~milestonefi\/wp-content\/uploads\/milestone-logo-black.png\",\"width\":548,\"height\":354,\"caption\":\"Milestone\"},\"image\":{\"@id\":\"https:\/\/web01.hsworks.fi\/~milestonefi\/#logo\"}},{\"@type\":\"WebSite\",\"@id\":\"https:\/\/web01.hsworks.fi\/~milestonefi\/#website\",\"url\":\"https:\/\/web01.hsworks.fi\/~milestonefi\/\",\"name\":\"Milestone\",\"description\":\"Yrityskulttuurin muotoilutoimisto\",\"publisher\":{\"@id\":\"https:\/\/web01.hsworks.fi\/~milestonefi\/#organization\"},\"potentialAction\":[{\"@type\":\"SearchAction\",\"target\":\"https:\/\/web01.hsworks.fi\/~milestonefi\/?s={search_term_string}\",\"query-input\":\"required name=search_term_string\"}],\"inLanguage\":\"fi\"},{\"@type\":\"ImageObject\",\"@id\":\"https:\/\/web01.hsworks.fi\/~milestonefi\/ihmiskasitys\/#primaryimage\",\"inLanguage\":\"fi\",\"url\":\"https:\/\/web01.hsworks.fi\/~milestonefi\/wp-content\/uploads\/Na\\u0308ytto\\u0308kuva-2022-1-26-kello-11.08.01.png\",\"width\":462,\"height\":476},{\"@type\":\"WebPage\",\"@id\":\"https:\/\/web01.hsworks.fi\/~milestonefi\/ihmiskasitys\/#webpage\",\"url\":\"https:\/\/web01.hsworks.fi\/~milestonefi\/ihmiskasitys\/\",\"name\":\"Ihmisk\\u00e4sitys | Milestone\",\"isPartOf\":{\"@id\":\"https:\/\/web01.hsworks.fi\/~milestonefi\/#website\"},\"primaryImageOfPage\":{\"@id\":\"https:\/\/web01.hsworks.fi\/~milestonefi\/ihmiskasitys\/#primaryimage\"},\"datePublished\":\"2021-12-03T06:34:34+00:00\",\"dateModified\":\"2022-01-26T09:13:44+00:00\",\"inLanguage\":\"fi\",\"potentialAction\":[{\"@type\":\"ReadAction\",\"target\":[\"https:\/\/web01.hsworks.fi\/~milestonefi\/ihmiskasitys\/\"]}]}]}<\/script>\n<!-- \/ Yoast SEO plugin. -->","_links":{"self":[{"href":"https:\/\/web01.hsworks.fi\/~milestonefi\/wp-json\/wp\/v2\/pages\/1289"}],"collection":[{"href":"https:\/\/web01.hsworks.fi\/~milestonefi\/wp-json\/wp\/v2\/pages"}],"about":[{"href":"https:\/\/web01.hsworks.fi\/~milestonefi\/wp-json\/wp\/v2\/types\/page"}],"author":[{"embeddable":true,"href":"https:\/\/web01.hsworks.fi\/~milestonefi\/wp-json\/wp\/v2\/users\/42"}],"replies":[{"embeddable":true,"href":"https:\/\/web01.hsworks.fi\/~milestonefi\/wp-json\/wp\/v2\/comments?post=1289"}],"version-history":[{"count":49,"href":"https:\/\/web01.hsworks.fi\/~milestonefi\/wp-json\/wp\/v2\/pages\/1289\/revisions"}],"predecessor-version":[{"id":2229,"href":"https:\/\/web01.hsworks.fi\/~milestonefi\/wp-json\/wp\/v2\/pages\/1289\/revisions\/2229"}],"wp:attachment":[{"href":"https:\/\/web01.hsworks.fi\/~milestonefi\/wp-json\/wp\/v2\/media?parent=1289"}],"curies":[{"name":"wp","href":"https:\/\/api.w.org\/{rel}","templated":true}]}}