{"id":1290,"date":"2021-12-01T11:21:42","date_gmt":"2021-12-01T09:21:42","guid":{"rendered":"https:\/\/web01.hsworks.fi\/~milestonefi\/etusivu-2-copy-copy-copy-copy-copy-copy-copy-copy-copy-copy\/"},"modified":"2021-12-22T19:41:07","modified_gmt":"2021-12-22T17:41:07","slug":"ajatuksia-ja-asiakkaita","status":"publish","type":"page","link":"https:\/\/web01.hsworks.fi\/~milestonefi\/ajatuksia-ja-asiakkaita\/","title":{"rendered":"Blogit"},"content":{"rendered":"\t\t<div data-elementor-type=\"wp-page\" data-elementor-id=\"1290\" class=\"elementor elementor-1290\" data-elementor-settings=\"[]\">\n\t\t\t\t\t\t\t<div class=\"elementor-section-wrap\">\n\t\t\t\t\t\t\t<section class=\"elementor-section elementor-top-section elementor-element elementor-element-f30374b elementor-section-boxed elementor-section-height-default elementor-section-height-default\" data-id=\"f30374b\" data-element_type=\"section\" data-settings=\"{&quot;background_background&quot;:&quot;classic&quot;}\">\n\t\t\t\t\t\t\t<div class=\"elementor-background-overlay\"><\/div>\n\t\t\t\t\t\t\t<div class=\"elementor-container elementor-column-gap-default\">\n\t\t\t\t\t<div class=\"elementor-column elementor-col-100 elementor-top-column elementor-element elementor-element-9567bc2\" data-id=\"9567bc2\" data-element_type=\"column\">\n\t\t\t<div class=\"elementor-widget-wrap elementor-element-populated\">\n\t\t\t\t\t\t\t\t<div class=\"elementor-element elementor-element-46aad00 elementor-widget elementor-widget-heading\" data-id=\"46aad00\" data-element_type=\"widget\" data-widget_type=\"heading.default\">\n\t\t\t\t<div class=\"elementor-widget-container\">\n\t\t\t<h2 class=\"elementor-heading-title elementor-size-default\">Ajatuksia ja asiakkaita<\/h2>\t\t<\/div>\n\t\t\t\t<\/div>\n\t\t\t\t\t<\/div>\n\t\t<\/div>\n\t\t\t\t\t\t\t<\/div>\n\t\t<\/section>\n\t\t\t\t<section class=\"elementor-section elementor-top-section elementor-element elementor-element-30bd7de elementor-section-boxed elementor-section-height-default elementor-section-height-default\" data-id=\"30bd7de\" data-element_type=\"section\">\n\t\t\t\t\t\t<div class=\"elementor-container elementor-column-gap-default\">\n\t\t\t\t\t<div class=\"elementor-column elementor-col-100 elementor-top-column elementor-element elementor-element-cd79d1d\" data-id=\"cd79d1d\" data-element_type=\"column\">\n\t\t\t<div class=\"elementor-widget-wrap elementor-element-populated\">\n\t\t\t\t\t\t\t\t<div class=\"elementor-element elementor-element-1b5ec58 elementor-grid-eael-col-4 elementor-grid-tablet-eael-col-2 elementor-grid-mobile-eael-col-1 elementor-widget elementor-widget-eael-post-grid\" data-id=\"1b5ec58\" data-element_type=\"widget\" data-settings=\"{&quot;eael_post_grid_columns&quot;:&quot;eael-col-4&quot;,&quot;eael_post_grid_columns_tablet&quot;:&quot;eael-col-2&quot;,&quot;eael_post_grid_columns_mobile&quot;:&quot;eael-col-1&quot;}\" data-widget_type=\"eael-post-grid.default\">\n\t\t\t\t<div class=\"elementor-widget-container\">\n\t\t\t<div id=\"eael-post-grid-1b5ec58\" class=\"eael-post-grid-container\">\n            <div class=\"eael-post-grid eael-post-appender eael-post-appender-1b5ec58 eael-post-grid-style-default\" data-layout-mode=\"masonry\"><article class=\"eael-grid-post eael-post-grid-column\" data-id=\"940\">\n        <div class=\"eael-grid-post-holder\">\n            <div class=\"eael-grid-post-holder-inner\"><div class=\"eael-entry-wrapper\"><header class=\"eael-entry-header\"><h2 class=\"eael-entry-title\"><a\n                        class=\"eael-grid-post-link\"\n                        href=\"https:\/\/web01.hsworks.fi\/~milestonefi\/piilossa-mutta-silti-nakyvissa-kayttaytyminen-paljastaa-sinutkin\/\"\n                        title=\"Piilossa, mutta silti n\u00e4kyviss\u00e4 \u2013 k\u00e4ytt\u00e4ytyminen paljastaa sinutkin\">Piilossa, mutta silti n\u00e4kyviss\u00e4 \u2013 k\u00e4ytt\u00e4ytyminen paljastaa sinutkin<\/a><\/h2><\/header><div class=\"eael-entry-content\">\n                        <div class=\"eael-grid-post-excerpt\"><p>Olipa kerran kolme johtajaa, joilla oli kolme kesken\u00e4\u00e4n erilaista tapaa...<\/p><a\n                            href=\"https:\/\/web01.hsworks.fi\/~milestonefi\/piilossa-mutta-silti-nakyvissa-kayttaytyminen-paljastaa-sinutkin\/\"\n                            class=\"eael-post-elements-readmore-btn\">Lue lis\u00e4\u00e4<\/a><\/div>\n                    <\/div><div class=\"eael-entry-footer\"><div class=\"eael-author-avatar\"><a href=\"https:\/\/web01.hsworks.fi\/~milestonefi\/author\/maijulampi\/\"><img alt='' src='https:\/\/secure.gravatar.com\/avatar\/15cb31c1833243de57e0bfaef72fb1ad?s=96&#038;d=mm&#038;r=g' srcset='https:\/\/secure.gravatar.com\/avatar\/15cb31c1833243de57e0bfaef72fb1ad?s=192&#038;d=mm&#038;r=g 2x' class='avatar avatar-96 photo' height='96' width='96' loading='lazy'\/><\/a><\/div><div class=\"eael-entry-meta\"><span class=\"eael-posted-by\"><a href=\"https:\/\/web01.hsworks.fi\/~milestonefi\/author\/maijulampi\/\" title=\"Kirjoittanut: Maiju Lampi\" rel=\"author\"  itemprop=\"author\" itemscope=\"itemscope\" itemtype=\"https:\/\/schema.org\/Person\">Maiju Lampi<\/a><\/span><span class=\"eael-posted-on\"><time datetime=\"22 marraskuun, 2018\">22 marraskuun, 2018<\/time><\/span><\/div><\/div><\/div><\/div>\n        <\/div>\n    <\/article><article class=\"eael-grid-post eael-post-grid-column\" data-id=\"932\">\n        <div class=\"eael-grid-post-holder\">\n            <div class=\"eael-grid-post-holder-inner\"><div class=\"eael-entry-media\"><div class=\"eael-entry-overlay fade-in\"><i class=\"fas fa-long-arrow-alt-right\" aria-hidden=\"true\"><\/i><a href=\"https:\/\/web01.hsworks.fi\/~milestonefi\/kysy-tyoelaman-murroskohdissa-kuka-olet\/\"><\/a><\/div><div class=\"eael-entry-thumbnail\">\n                <img width=\"600\" height=\"400\" src=\"https:\/\/web01.hsworks.fi\/~milestonefi\/wp-content\/uploads\/7-1-600x400.jpg\" class=\"attachment-medium size-medium\" alt=\"\" loading=\"lazy\" srcset=\"https:\/\/web01.hsworks.fi\/~milestonefi\/wp-content\/uploads\/7-1-600x400.jpg 600w, https:\/\/web01.hsworks.fi\/~milestonefi\/wp-content\/uploads\/7-1-1300x867.jpg 1300w, https:\/\/web01.hsworks.fi\/~milestonefi\/wp-content\/uploads\/7-1-300x200.jpg 300w, https:\/\/web01.hsworks.fi\/~milestonefi\/wp-content\/uploads\/7-1-768x512.jpg 768w, https:\/\/web01.hsworks.fi\/~milestonefi\/wp-content\/uploads\/7-1-1536x1024.jpg 1536w, https:\/\/web01.hsworks.fi\/~milestonefi\/wp-content\/uploads\/7-1.jpg 1771w\" sizes=\"(max-width: 600px) 100vw, 600px\" \/>\n            <\/div>\n        <\/div><div class=\"eael-entry-wrapper\"><header class=\"eael-entry-header\"><h2 class=\"eael-entry-title\"><a\n                        class=\"eael-grid-post-link\"\n                        href=\"https:\/\/web01.hsworks.fi\/~milestonefi\/kysy-tyoelaman-murroskohdissa-kuka-olet\/\"\n                        title=\"Kysy (ty\u00f6)el\u00e4m\u00e4n murroskohdissa: kuka olet?\">Kysy (ty\u00f6)el\u00e4m\u00e4n murroskohdissa: kuka olet?<\/a><\/h2><\/header><div class=\"eael-entry-content\">\n                        <div class=\"eael-grid-post-excerpt\"><p>(Ty\u00f6)el\u00e4m\u00e4n murroskohtiin liittyy kriisej\u00e4 ja ep\u00e4varmuutta: mist\u00e4 l\u00f6yd\u00e4n sosiaalisen yhteis\u00f6n...<\/p><a\n                            href=\"https:\/\/web01.hsworks.fi\/~milestonefi\/kysy-tyoelaman-murroskohdissa-kuka-olet\/\"\n                            class=\"eael-post-elements-readmore-btn\">Lue lis\u00e4\u00e4<\/a><\/div>\n                    <\/div><div class=\"eael-entry-footer\"><div class=\"eael-author-avatar\"><a href=\"https:\/\/web01.hsworks.fi\/~milestonefi\/author\/maijulampi\/\"><img alt='' src='https:\/\/secure.gravatar.com\/avatar\/15cb31c1833243de57e0bfaef72fb1ad?s=96&#038;d=mm&#038;r=g' srcset='https:\/\/secure.gravatar.com\/avatar\/15cb31c1833243de57e0bfaef72fb1ad?s=192&#038;d=mm&#038;r=g 2x' class='avatar avatar-96 photo' height='96' width='96' loading='lazy'\/><\/a><\/div><div class=\"eael-entry-meta\"><span class=\"eael-posted-by\"><a href=\"https:\/\/web01.hsworks.fi\/~milestonefi\/author\/maijulampi\/\" title=\"Kirjoittanut: Maiju Lampi\" rel=\"author\"  itemprop=\"author\" itemscope=\"itemscope\" itemtype=\"https:\/\/schema.org\/Person\">Maiju Lampi<\/a><\/span><span class=\"eael-posted-on\"><time datetime=\"14 marraskuun, 2018\">14 marraskuun, 2018<\/time><\/span><\/div><\/div><\/div><\/div>\n        <\/div>\n    <\/article><article class=\"eael-grid-post eael-post-grid-column\" data-id=\"524\">\n        <div class=\"eael-grid-post-holder\">\n            <div class=\"eael-grid-post-holder-inner\"><div class=\"eael-entry-media\"><div class=\"eael-entry-overlay fade-in\"><i class=\"fas fa-long-arrow-alt-right\" aria-hidden=\"true\"><\/i><a href=\"https:\/\/web01.hsworks.fi\/~milestonefi\/yrityskulttuurin-halloween-hamahakkeja-paakalloja-ja-muuta-epamiellyttavaa\/\"><\/a><\/div><div class=\"eael-entry-thumbnail\">\n                <img width=\"600\" height=\"338\" src=\"https:\/\/web01.hsworks.fi\/~milestonefi\/wp-content\/uploads\/4-1-600x338.jpg\" class=\"attachment-medium size-medium\" alt=\"Ihmiset. yhdess\u00e4\" loading=\"lazy\" srcset=\"https:\/\/web01.hsworks.fi\/~milestonefi\/wp-content\/uploads\/4-1-600x338.jpg 600w, https:\/\/web01.hsworks.fi\/~milestonefi\/wp-content\/uploads\/4-1-1300x731.jpg 1300w, https:\/\/web01.hsworks.fi\/~milestonefi\/wp-content\/uploads\/4-1-300x169.jpg 300w, https:\/\/web01.hsworks.fi\/~milestonefi\/wp-content\/uploads\/4-1-768x432.jpg 768w, https:\/\/web01.hsworks.fi\/~milestonefi\/wp-content\/uploads\/4-1-1536x864.jpg 1536w, https:\/\/web01.hsworks.fi\/~milestonefi\/wp-content\/uploads\/4-1.jpg 2000w\" sizes=\"(max-width: 600px) 100vw, 600px\" \/>\n            <\/div>\n        <\/div><div class=\"eael-entry-wrapper\"><header class=\"eael-entry-header\"><h2 class=\"eael-entry-title\"><a\n                        class=\"eael-grid-post-link\"\n                        href=\"https:\/\/web01.hsworks.fi\/~milestonefi\/yrityskulttuurin-halloween-hamahakkeja-paakalloja-ja-muuta-epamiellyttavaa\/\"\n                        title=\"Yrityskulttuurin Halloween \u2013 h\u00e4m\u00e4h\u00e4kkej\u00e4, p\u00e4\u00e4kalloja ja muuta ep\u00e4miellytt\u00e4v\u00e4\u00e4\">Yrityskulttuurin Halloween \u2013 h\u00e4m\u00e4h\u00e4kkej\u00e4, p\u00e4\u00e4kalloja ja muuta ep\u00e4miellytt\u00e4v\u00e4\u00e4<\/a><\/h2><\/header><div class=\"eael-entry-content\">\n                        <div class=\"eael-grid-post-excerpt\"><p>Oli todella surullista havaita Jorman sitoneen identiteettins\u00e4 yhti\u00f6n menestykseen niin...<\/p><a\n                            href=\"https:\/\/web01.hsworks.fi\/~milestonefi\/yrityskulttuurin-halloween-hamahakkeja-paakalloja-ja-muuta-epamiellyttavaa\/\"\n                            class=\"eael-post-elements-readmore-btn\">Lue lis\u00e4\u00e4<\/a><\/div>\n                    <\/div><div class=\"eael-entry-footer\"><div class=\"eael-author-avatar\"><a href=\"https:\/\/web01.hsworks.fi\/~milestonefi\/author\/maijulampi\/\"><img alt='' src='https:\/\/secure.gravatar.com\/avatar\/15cb31c1833243de57e0bfaef72fb1ad?s=96&#038;d=mm&#038;r=g' srcset='https:\/\/secure.gravatar.com\/avatar\/15cb31c1833243de57e0bfaef72fb1ad?s=192&#038;d=mm&#038;r=g 2x' class='avatar avatar-96 photo' height='96' width='96' loading='lazy'\/><\/a><\/div><div class=\"eael-entry-meta\"><span class=\"eael-posted-by\"><a href=\"https:\/\/web01.hsworks.fi\/~milestonefi\/author\/maijulampi\/\" title=\"Kirjoittanut: Maiju Lampi\" rel=\"author\"  itemprop=\"author\" itemscope=\"itemscope\" itemtype=\"https:\/\/schema.org\/Person\">Maiju Lampi<\/a><\/span><span class=\"eael-posted-on\"><time datetime=\"16 lokakuun, 2018\">16 lokakuun, 2018<\/time><\/span><\/div><\/div><\/div><\/div>\n        <\/div>\n    <\/article><article class=\"eael-grid-post eael-post-grid-column\" data-id=\"542\">\n        <div class=\"eael-grid-post-holder\">\n            <div class=\"eael-grid-post-holder-inner\"><div class=\"eael-entry-media\"><div class=\"eael-entry-overlay fade-in\"><i class=\"fas fa-long-arrow-alt-right\" aria-hidden=\"true\"><\/i><a href=\"https:\/\/web01.hsworks.fi\/~milestonefi\/henkilostojohtajat-ja-hrn-peltomyyrat-unohtakaa-mittaaminen\/\"><\/a><\/div><div class=\"eael-entry-thumbnail\">\n                <img width=\"533\" height=\"400\" src=\"https:\/\/web01.hsworks.fi\/~milestonefi\/wp-content\/uploads\/3-2-533x400.jpg\" class=\"attachment-medium size-medium\" alt=\"Ihmiset, k\u00e4det\" loading=\"lazy\" srcset=\"https:\/\/web01.hsworks.fi\/~milestonefi\/wp-content\/uploads\/3-2-533x400.jpg 533w, https:\/\/web01.hsworks.fi\/~milestonefi\/wp-content\/uploads\/3-2-1200x900.jpg 1200w, https:\/\/web01.hsworks.fi\/~milestonefi\/wp-content\/uploads\/3-2-267x200.jpg 267w, https:\/\/web01.hsworks.fi\/~milestonefi\/wp-content\/uploads\/3-2-768x576.jpg 768w, https:\/\/web01.hsworks.fi\/~milestonefi\/wp-content\/uploads\/3-2-1536x1152.jpg 1536w, https:\/\/web01.hsworks.fi\/~milestonefi\/wp-content\/uploads\/3-2-2048x1536.jpg 2048w\" sizes=\"(max-width: 533px) 100vw, 533px\" \/>\n            <\/div>\n        <\/div><div class=\"eael-entry-wrapper\"><header class=\"eael-entry-header\"><h2 class=\"eael-entry-title\"><a\n                        class=\"eael-grid-post-link\"\n                        href=\"https:\/\/web01.hsworks.fi\/~milestonefi\/henkilostojohtajat-ja-hrn-peltomyyrat-unohtakaa-mittaaminen\/\"\n                        title=\"Henkil\u00f6st\u00f6johtajat ja HRn peltomyyr\u00e4t, unohtakaa mittaaminen!\">Henkil\u00f6st\u00f6johtajat ja HRn peltomyyr\u00e4t, unohtakaa mittaaminen!<\/a><\/h2><\/header><div class=\"eael-entry-content\">\n                        <div class=\"eael-grid-post-excerpt\"><p>Milestone j\u00e4rjesti 18.5.2018 asiakkailleen yrityskulttuuri K18-tilaisuuden. Tapahtuman nimess\u00e4 oleva viittaus...<\/p><a\n                            href=\"https:\/\/web01.hsworks.fi\/~milestonefi\/henkilostojohtajat-ja-hrn-peltomyyrat-unohtakaa-mittaaminen\/\"\n                            class=\"eael-post-elements-readmore-btn\">Lue lis\u00e4\u00e4<\/a><\/div>\n                    <\/div><div class=\"eael-entry-footer\"><div class=\"eael-author-avatar\"><a href=\"https:\/\/web01.hsworks.fi\/~milestonefi\/author\/maijulampi\/\"><img alt='' src='https:\/\/secure.gravatar.com\/avatar\/15cb31c1833243de57e0bfaef72fb1ad?s=96&#038;d=mm&#038;r=g' srcset='https:\/\/secure.gravatar.com\/avatar\/15cb31c1833243de57e0bfaef72fb1ad?s=192&#038;d=mm&#038;r=g 2x' class='avatar avatar-96 photo' height='96' width='96' loading='lazy'\/><\/a><\/div><div class=\"eael-entry-meta\"><span class=\"eael-posted-by\"><a href=\"https:\/\/web01.hsworks.fi\/~milestonefi\/author\/maijulampi\/\" title=\"Kirjoittanut: Maiju Lampi\" rel=\"author\"  itemprop=\"author\" itemscope=\"itemscope\" itemtype=\"https:\/\/schema.org\/Person\">Maiju Lampi<\/a><\/span><span class=\"eael-posted-on\"><time datetime=\"13 lokakuun, 2018\">13 lokakuun, 2018<\/time><\/span><\/div><\/div><\/div><\/div>\n        <\/div>\n    <\/article><\/div>\n            <div class=\"clearfix\"><\/div>\n        <\/div>            <div class=\"eael-load-more-button-wrap\">\n                <button class=\"eael-load-more-button\" id=\"eael-load-more-btn-1b5ec58\" data-widget-id=\"1b5ec58\" data-widget=\"1b5ec58\" data-page-id=\"1290\" data-nonce=\"bf7e659e86\" data-template=\"{&quot;dir&quot;:&quot;lite&quot;,&quot;file_name&quot;:&quot;default.php&quot;,&quot;name&quot;:&quot;Post-Grid&quot;}\" data-class=\"Essential_Addons_Elementor\\Elements\\Post_Grid\" data-layout=\"masonry\" data-page=\"1\" data-args=\"orderby=date&amp;order=desc&amp;ignore_sticky_posts=1&amp;post_status=publish&amp;posts_per_page=4&amp;offset=0&amp;post_type=post\" data-max-page=\"5\">\n                    <div class=\"eael-btn-loader button__loader\"><\/div>\n                    <span>Lataa lis\u00e4\u00e4<\/span>\n                <\/button>\n            <\/div>\n        \t\t<\/div>\n\t\t\t\t<\/div>\n\t\t\t\t\t<\/div>\n\t\t<\/div>\n\t\t\t\t\t\t\t<\/div>\n\t\t<\/section>\n\t\t\t\t\t\t<\/div>\n\t\t\t\t\t<\/div>\n\t\t","protected":false},"excerpt":{"rendered":"<p>Ajatuksia ja asiakkaita Piilossa, mutta silti n\u00e4kyviss\u00e4 \u2013 k\u00e4ytt\u00e4ytyminen paljastaa sinutkin Olipa kerran kolme johtajaa, joilla oli kolme kesken\u00e4\u00e4n erilaista tapaa&#8230; Lue lis\u00e4\u00e4 Maiju Lampi22 marraskuun, 2018 Kysy (ty\u00f6)el\u00e4m\u00e4n murroskohdissa: kuka olet? (Ty\u00f6)el\u00e4m\u00e4n murroskohtiin liittyy kriisej\u00e4 ja ep\u00e4varmuutta: mist\u00e4 l\u00f6yd\u00e4n sosiaalisen yhteis\u00f6n&#8230; Lue lis\u00e4\u00e4 Maiju Lampi14 marraskuun, 2018 Yrityskulttuurin Halloween \u2013 h\u00e4m\u00e4h\u00e4kkej\u00e4, p\u00e4\u00e4kalloja ja muuta [&hellip;]<\/p>\n","protected":false},"author":42,"featured_media":0,"parent":0,"menu_order":0,"comment_status":"closed","ping_status":"closed","template":"elementor_header_footer","meta":[],"yoast_head":"<!-- This site is optimized with the Yoast SEO plugin v15.0 - https:\/\/yoast.com\/wordpress\/plugins\/seo\/ -->\n<title>Blogit | Milestone<\/title>\n<meta name=\"robots\" content=\"index, follow, max-snippet:-1, max-image-preview:large, max-video-preview:-1\" \/>\n<link rel=\"canonical\" href=\"https:\/\/web01.hsworks.fi\/~milestonefi\/ajatuksia-ja-asiakkaita\/\" \/>\n<meta property=\"og:locale\" content=\"fi_FI\" \/>\n<meta property=\"og:type\" content=\"article\" \/>\n<meta property=\"og:title\" content=\"Blogit | Milestone\" \/>\n<meta property=\"og:description\" content=\"Ajatuksia ja asiakkaita Piilossa, mutta silti n\u00e4kyviss\u00e4 \u2013 k\u00e4ytt\u00e4ytyminen paljastaa sinutkin Olipa kerran kolme johtajaa, joilla oli kolme kesken\u00e4\u00e4n erilaista tapaa&#8230; Lue lis\u00e4\u00e4 Maiju Lampi22 marraskuun, 2018 Kysy (ty\u00f6)el\u00e4m\u00e4n murroskohdissa: kuka olet? (Ty\u00f6)el\u00e4m\u00e4n murroskohtiin liittyy kriisej\u00e4 ja ep\u00e4varmuutta: mist\u00e4 l\u00f6yd\u00e4n sosiaalisen yhteis\u00f6n&#8230; Lue lis\u00e4\u00e4 Maiju Lampi14 marraskuun, 2018 Yrityskulttuurin Halloween \u2013 h\u00e4m\u00e4h\u00e4kkej\u00e4, p\u00e4\u00e4kalloja ja muuta [&hellip;]\" \/>\n<meta property=\"og:url\" content=\"https:\/\/web01.hsworks.fi\/~milestonefi\/ajatuksia-ja-asiakkaita\/\" \/>\n<meta property=\"og:site_name\" content=\"Milestone\" \/>\n<meta property=\"article:modified_time\" content=\"2021-12-22T17:41:07+00:00\" \/>\n<meta property=\"og:image\" content=\"https:\/\/web01.hsworks.fi\/~milestonefi\/wp-content\/uploads\/palvelut-hero2-600x400.jpg\" \/>\n<meta name=\"twitter:card\" content=\"summary_large_image\" \/>\n<script type=\"application\/ld+json\" class=\"yoast-schema-graph\">{\"@context\":\"https:\/\/schema.org\",\"@graph\":[{\"@type\":\"Organization\",\"@id\":\"https:\/\/web01.hsworks.fi\/~milestonefi\/#organization\",\"name\":\"Milestone\",\"url\":\"https:\/\/web01.hsworks.fi\/~milestonefi\/\",\"sameAs\":[],\"logo\":{\"@type\":\"ImageObject\",\"@id\":\"https:\/\/web01.hsworks.fi\/~milestonefi\/#logo\",\"inLanguage\":\"fi\",\"url\":\"https:\/\/web01.hsworks.fi\/~milestonefi\/wp-content\/uploads\/milestone-logo-black.png\",\"width\":548,\"height\":354,\"caption\":\"Milestone\"},\"image\":{\"@id\":\"https:\/\/web01.hsworks.fi\/~milestonefi\/#logo\"}},{\"@type\":\"WebSite\",\"@id\":\"https:\/\/web01.hsworks.fi\/~milestonefi\/#website\",\"url\":\"https:\/\/web01.hsworks.fi\/~milestonefi\/\",\"name\":\"Milestone\",\"description\":\"Yrityskulttuurin muotoilutoimisto\",\"publisher\":{\"@id\":\"https:\/\/web01.hsworks.fi\/~milestonefi\/#organization\"},\"potentialAction\":[{\"@type\":\"SearchAction\",\"target\":\"https:\/\/web01.hsworks.fi\/~milestonefi\/?s={search_term_string}\",\"query-input\":\"required name=search_term_string\"}],\"inLanguage\":\"fi\"},{\"@type\":\"ImageObject\",\"@id\":\"https:\/\/web01.hsworks.fi\/~milestonefi\/ajatuksia-ja-asiakkaita\/#primaryimage\",\"inLanguage\":\"fi\",\"url\":\"https:\/\/web01.hsworks.fi\/~milestonefi\/wp-content\/uploads\/palvelut-hero2-600x400.jpg\"},{\"@type\":\"WebPage\",\"@id\":\"https:\/\/web01.hsworks.fi\/~milestonefi\/ajatuksia-ja-asiakkaita\/#webpage\",\"url\":\"https:\/\/web01.hsworks.fi\/~milestonefi\/ajatuksia-ja-asiakkaita\/\",\"name\":\"Blogit | Milestone\",\"isPartOf\":{\"@id\":\"https:\/\/web01.hsworks.fi\/~milestonefi\/#website\"},\"primaryImageOfPage\":{\"@id\":\"https:\/\/web01.hsworks.fi\/~milestonefi\/ajatuksia-ja-asiakkaita\/#primaryimage\"},\"datePublished\":\"2021-12-01T09:21:42+00:00\",\"dateModified\":\"2021-12-22T17:41:07+00:00\",\"inLanguage\":\"fi\",\"potentialAction\":[{\"@type\":\"ReadAction\",\"target\":[\"https:\/\/web01.hsworks.fi\/~milestonefi\/ajatuksia-ja-asiakkaita\/\"]}]}]}<\/script>\n<!-- \/ Yoast SEO plugin. -->","_links":{"self":[{"href":"https:\/\/web01.hsworks.fi\/~milestonefi\/wp-json\/wp\/v2\/pages\/1290"}],"collection":[{"href":"https:\/\/web01.hsworks.fi\/~milestonefi\/wp-json\/wp\/v2\/pages"}],"about":[{"href":"https:\/\/web01.hsworks.fi\/~milestonefi\/wp-json\/wp\/v2\/types\/page"}],"author":[{"embeddable":true,"href":"https:\/\/web01.hsworks.fi\/~milestonefi\/wp-json\/wp\/v2\/users\/42"}],"replies":[{"embeddable":true,"href":"https:\/\/web01.hsworks.fi\/~milestonefi\/wp-json\/wp\/v2\/comments?post=1290"}],"version-history":[{"count":34,"href":"https:\/\/web01.hsworks.fi\/~milestonefi\/wp-json\/wp\/v2\/pages\/1290\/revisions"}],"predecessor-version":[{"id":1882,"href":"https:\/\/web01.hsworks.fi\/~milestonefi\/wp-json\/wp\/v2\/pages\/1290\/revisions\/1882"}],"wp:attachment":[{"href":"https:\/\/web01.hsworks.fi\/~milestonefi\/wp-json\/wp\/v2\/media?parent=1290"}],"curies":[{"name":"wp","href":"https:\/\/api.w.org\/{rel}","templated":true}]}}