{"id":1584,"date":"2021-12-08T00:17:21","date_gmt":"2021-12-07T22:17:21","guid":{"rendered":"https:\/\/web01.hsworks.fi\/~milestonefi\/?page_id=1584"},"modified":"2021-12-09T02:36:03","modified_gmt":"2021-12-09T00:36:03","slug":"digitaalinen-arvodialogi","status":"publish","type":"page","link":"https:\/\/web01.hsworks.fi\/~milestonefi\/digitaalinen-arvodialogi\/","title":{"rendered":"Digitaalinen arvodialogi"},"content":{"rendered":"\t\t<div data-elementor-type=\"wp-page\" data-elementor-id=\"1584\" class=\"elementor elementor-1584\" data-elementor-settings=\"[]\">\n\t\t\t\t\t\t\t<div class=\"elementor-section-wrap\">\n\t\t\t\t\t\t\t<section class=\"elementor-section elementor-top-section elementor-element elementor-element-077a36a elementor-section-boxed elementor-section-height-default elementor-section-height-default\" data-id=\"077a36a\" data-element_type=\"section\" data-settings=\"{&quot;background_background&quot;:&quot;classic&quot;}\">\n\t\t\t\t\t\t\t<div class=\"elementor-background-overlay\"><\/div>\n\t\t\t\t\t\t\t<div class=\"elementor-container elementor-column-gap-default\">\n\t\t\t\t\t<div class=\"elementor-column elementor-col-100 elementor-top-column elementor-element elementor-element-99be1ab\" data-id=\"99be1ab\" data-element_type=\"column\">\n\t\t\t<div class=\"elementor-widget-wrap elementor-element-populated\">\n\t\t\t\t\t\t\t\t<div class=\"elementor-element elementor-element-fa7a40c elementor-widget elementor-widget-heading\" data-id=\"fa7a40c\" data-element_type=\"widget\" data-widget_type=\"heading.default\">\n\t\t\t\t<div class=\"elementor-widget-container\">\n\t\t\t<h2 class=\"elementor-heading-title elementor-size-default\">Digitaalinen arvodialogi <\/h2>\t\t<\/div>\n\t\t\t\t<\/div>\n\t\t\t\t\t<\/div>\n\t\t<\/div>\n\t\t\t\t\t\t\t<\/div>\n\t\t<\/section>\n\t\t\t\t<section class=\"elementor-section elementor-top-section elementor-element elementor-element-b0b55c8 elementor-section-boxed elementor-section-height-default elementor-section-height-default\" data-id=\"b0b55c8\" data-element_type=\"section\" data-settings=\"{&quot;background_background&quot;:&quot;classic&quot;}\">\n\t\t\t\t\t\t<div class=\"elementor-container elementor-column-gap-default\">\n\t\t\t\t\t<div class=\"elementor-column elementor-col-100 elementor-top-column elementor-element elementor-element-30ebc76\" data-id=\"30ebc76\" data-element_type=\"column\">\n\t\t\t<div class=\"elementor-widget-wrap elementor-element-populated\">\n\t\t\t\t\t\t\t\t<div class=\"elementor-element elementor-element-966d0c0 elementor-widget elementor-widget-text-editor\" data-id=\"966d0c0\" data-element_type=\"widget\" data-widget_type=\"text-editor.default\">\n\t\t\t\t<div class=\"elementor-widget-container\">\n\t\t\t\t\t\t\t<p>Luodaan yhdess\u00e4 yrityksesi arvoista sellainen majakka, joka ohjaa kaikkea toimintaa kohti haluttua p\u00e4\u00e4m\u00e4\u00e4r\u00e4\u00e4. Osallistetaan koko henkil\u00f6st\u00f6 niin, ett\u00e4 jokainen voi tuntea arvot omakseen. Koska kaikki l\u00e4htee arvoista!\u00a0<\/p><p>Milestonen osallistava arvodialogi tuo arvot jokaisen omiksi tarinallisuuden ja omakohtaistamisen menetelmien avulla. Arvojen kautta m\u00e4\u00e4rittyy haluttu k\u00e4ytt\u00e4ytyminen ja toiminta arjessa ja ne auttavat ihmisi\u00e4 tiukan paikan tullen valitsemaan parhaimman mahdollisen vaihtoehdon etenemiselle.<\/p><p>Olipa yrityksess\u00e4si arvoprosessi kokonaan l\u00e4ht\u00f6kuopissa tai kaipaat vain pient\u00e4 freesausta arvoihinne, unohda aikaa viev\u00e4t ja uuvuttavat roadshowt! Ota meihin yhteytt\u00e4! Kerromme mielell\u00e4mme lis\u00e4\u00e4 siit\u00e4, miten voit digitaalisen dialogin avulla ty\u00f6skennell\u00e4 koko organisaation kanssa ketter\u00e4sti, tehokkaasti ja samanaikaisesti.<\/p><p>Kohderyhm\u00e4: Koko organisaatio<br \/>Hankkeen kesto: Kaksi kuukautta<br \/>Aikainvestointi\/henkil\u00f6: 2-3h digitaalinen arvodialogi + digitaalinen alku- ja lopputy\u00f6skentely<br \/>Hinta: Alkaen 14 000\u20ac + alv.<\/p>\t\t\t\t\t\t<\/div>\n\t\t\t\t<\/div>\n\t\t\t\t<div class=\"elementor-element elementor-element-32e5405 elementor-align-left elementor-widget elementor-widget-button\" data-id=\"32e5405\" data-element_type=\"widget\" data-widget_type=\"button.default\">\n\t\t\t\t<div class=\"elementor-widget-container\">\n\t\t\t\t\t<div class=\"elementor-button-wrapper\">\n\t\t\t<a href=\"https:\/\/web01.hsworks.fi\/~milestonefi\/yhteystiedot\/\" class=\"elementor-button-link elementor-button elementor-size-sm\" role=\"button\">\n\t\t\t\t\t\t<span class=\"elementor-button-content-wrapper\">\n\t\t\t\t\t\t<span class=\"elementor-button-text\">Varaa esittely<\/span>\n\t\t<\/span>\n\t\t\t\t\t<\/a>\n\t\t<\/div>\n\t\t\t\t<\/div>\n\t\t\t\t<\/div>\n\t\t\t\t\t<\/div>\n\t\t<\/div>\n\t\t\t\t\t\t\t<\/div>\n\t\t<\/section>\n\t\t\t\t\t\t<\/div>\n\t\t\t\t\t<\/div>\n\t\t","protected":false},"excerpt":{"rendered":"<p>Digitaalinen arvodialogi Luodaan yhdess\u00e4 yrityksesi arvoista sellainen majakka, joka ohjaa kaikkea toimintaa kohti haluttua p\u00e4\u00e4m\u00e4\u00e4r\u00e4\u00e4. Osallistetaan koko henkil\u00f6st\u00f6 niin, ett\u00e4 jokainen voi tuntea arvot omakseen. Koska kaikki l\u00e4htee arvoista!\u00a0 Milestonen osallistava arvodialogi tuo arvot jokaisen omiksi tarinallisuuden ja omakohtaistamisen menetelmien avulla. Arvojen kautta m\u00e4\u00e4rittyy haluttu k\u00e4ytt\u00e4ytyminen ja toiminta arjessa ja ne auttavat ihmisi\u00e4 tiukan paikan [&hellip;]<\/p>\n","protected":false},"author":42,"featured_media":0,"parent":0,"menu_order":0,"comment_status":"closed","ping_status":"closed","template":"elementor_header_footer","meta":[],"yoast_head":"<!-- This site is optimized with the Yoast SEO plugin v15.0 - https:\/\/yoast.com\/wordpress\/plugins\/seo\/ -->\n<title>Digitaalinen arvodialogi | Milestone<\/title>\n<meta name=\"robots\" content=\"index, follow, max-snippet:-1, max-image-preview:large, max-video-preview:-1\" \/>\n<link rel=\"canonical\" href=\"https:\/\/web01.hsworks.fi\/~milestonefi\/digitaalinen-arvodialogi\/\" \/>\n<meta property=\"og:locale\" content=\"fi_FI\" \/>\n<meta property=\"og:type\" content=\"article\" \/>\n<meta property=\"og:title\" content=\"Digitaalinen arvodialogi | Milestone\" \/>\n<meta property=\"og:description\" content=\"Digitaalinen arvodialogi Luodaan yhdess\u00e4 yrityksesi arvoista sellainen majakka, joka ohjaa kaikkea toimintaa kohti haluttua p\u00e4\u00e4m\u00e4\u00e4r\u00e4\u00e4. Osallistetaan koko henkil\u00f6st\u00f6 niin, ett\u00e4 jokainen voi tuntea arvot omakseen. Koska kaikki l\u00e4htee arvoista!\u00a0 Milestonen osallistava arvodialogi tuo arvot jokaisen omiksi tarinallisuuden ja omakohtaistamisen menetelmien avulla. Arvojen kautta m\u00e4\u00e4rittyy haluttu k\u00e4ytt\u00e4ytyminen ja toiminta arjessa ja ne auttavat ihmisi\u00e4 tiukan paikan [&hellip;]\" \/>\n<meta property=\"og:url\" content=\"https:\/\/web01.hsworks.fi\/~milestonefi\/digitaalinen-arvodialogi\/\" \/>\n<meta property=\"og:site_name\" content=\"Milestone\" \/>\n<meta property=\"article:modified_time\" content=\"2021-12-09T00:36:03+00:00\" \/>\n<meta name=\"twitter:card\" content=\"summary_large_image\" \/>\n<script type=\"application\/ld+json\" class=\"yoast-schema-graph\">{\"@context\":\"https:\/\/schema.org\",\"@graph\":[{\"@type\":\"Organization\",\"@id\":\"https:\/\/web01.hsworks.fi\/~milestonefi\/#organization\",\"name\":\"Milestone\",\"url\":\"https:\/\/web01.hsworks.fi\/~milestonefi\/\",\"sameAs\":[],\"logo\":{\"@type\":\"ImageObject\",\"@id\":\"https:\/\/web01.hsworks.fi\/~milestonefi\/#logo\",\"inLanguage\":\"fi\",\"url\":\"https:\/\/web01.hsworks.fi\/~milestonefi\/wp-content\/uploads\/milestone-logo-black.png\",\"width\":548,\"height\":354,\"caption\":\"Milestone\"},\"image\":{\"@id\":\"https:\/\/web01.hsworks.fi\/~milestonefi\/#logo\"}},{\"@type\":\"WebSite\",\"@id\":\"https:\/\/web01.hsworks.fi\/~milestonefi\/#website\",\"url\":\"https:\/\/web01.hsworks.fi\/~milestonefi\/\",\"name\":\"Milestone\",\"description\":\"Yrityskulttuurin muotoilutoimisto\",\"publisher\":{\"@id\":\"https:\/\/web01.hsworks.fi\/~milestonefi\/#organization\"},\"potentialAction\":[{\"@type\":\"SearchAction\",\"target\":\"https:\/\/web01.hsworks.fi\/~milestonefi\/?s={search_term_string}\",\"query-input\":\"required name=search_term_string\"}],\"inLanguage\":\"fi\"},{\"@type\":\"WebPage\",\"@id\":\"https:\/\/web01.hsworks.fi\/~milestonefi\/digitaalinen-arvodialogi\/#webpage\",\"url\":\"https:\/\/web01.hsworks.fi\/~milestonefi\/digitaalinen-arvodialogi\/\",\"name\":\"Digitaalinen arvodialogi | Milestone\",\"isPartOf\":{\"@id\":\"https:\/\/web01.hsworks.fi\/~milestonefi\/#website\"},\"datePublished\":\"2021-12-07T22:17:21+00:00\",\"dateModified\":\"2021-12-09T00:36:03+00:00\",\"inLanguage\":\"fi\",\"potentialAction\":[{\"@type\":\"ReadAction\",\"target\":[\"https:\/\/web01.hsworks.fi\/~milestonefi\/digitaalinen-arvodialogi\/\"]}]}]}<\/script>\n<!-- \/ Yoast SEO plugin. -->","_links":{"self":[{"href":"https:\/\/web01.hsworks.fi\/~milestonefi\/wp-json\/wp\/v2\/pages\/1584"}],"collection":[{"href":"https:\/\/web01.hsworks.fi\/~milestonefi\/wp-json\/wp\/v2\/pages"}],"about":[{"href":"https:\/\/web01.hsworks.fi\/~milestonefi\/wp-json\/wp\/v2\/types\/page"}],"author":[{"embeddable":true,"href":"https:\/\/web01.hsworks.fi\/~milestonefi\/wp-json\/wp\/v2\/users\/42"}],"replies":[{"embeddable":true,"href":"https:\/\/web01.hsworks.fi\/~milestonefi\/wp-json\/wp\/v2\/comments?post=1584"}],"version-history":[{"count":11,"href":"https:\/\/web01.hsworks.fi\/~milestonefi\/wp-json\/wp\/v2\/pages\/1584\/revisions"}],"predecessor-version":[{"id":1801,"href":"https:\/\/web01.hsworks.fi\/~milestonefi\/wp-json\/wp\/v2\/pages\/1584\/revisions\/1801"}],"wp:attachment":[{"href":"https:\/\/web01.hsworks.fi\/~milestonefi\/wp-json\/wp\/v2\/media?parent=1584"}],"curies":[{"name":"wp","href":"https:\/\/api.w.org\/{rel}","templated":true}]}}