{"id":1590,"date":"2021-12-07T03:22:16","date_gmt":"2021-12-07T01:22:16","guid":{"rendered":"https:\/\/web01.hsworks.fi\/~milestonefi\/?page_id=1590"},"modified":"2021-12-09T02:40:57","modified_gmt":"2021-12-09T00:40:57","slug":"time-mastery","status":"publish","type":"page","link":"https:\/\/web01.hsworks.fi\/~milestonefi\/time-mastery\/","title":{"rendered":"Time Mastery"},"content":{"rendered":"\t\t<div data-elementor-type=\"wp-page\" data-elementor-id=\"1590\" class=\"elementor elementor-1590\" data-elementor-settings=\"[]\">\n\t\t\t\t\t\t\t<div class=\"elementor-section-wrap\">\n\t\t\t\t\t\t\t<section class=\"elementor-section elementor-top-section elementor-element elementor-element-077a36a elementor-section-boxed elementor-section-height-default elementor-section-height-default\" data-id=\"077a36a\" data-element_type=\"section\" data-settings=\"{&quot;background_background&quot;:&quot;classic&quot;}\">\n\t\t\t\t\t\t\t<div class=\"elementor-background-overlay\"><\/div>\n\t\t\t\t\t\t\t<div class=\"elementor-container elementor-column-gap-default\">\n\t\t\t\t\t<div class=\"elementor-column elementor-col-100 elementor-top-column elementor-element elementor-element-99be1ab\" data-id=\"99be1ab\" data-element_type=\"column\">\n\t\t\t<div class=\"elementor-widget-wrap elementor-element-populated\">\n\t\t\t\t\t\t\t\t<div class=\"elementor-element elementor-element-fa7a40c elementor-widget elementor-widget-heading\" data-id=\"fa7a40c\" data-element_type=\"widget\" data-widget_type=\"heading.default\">\n\t\t\t\t<div class=\"elementor-widget-container\">\n\t\t\t<h2 class=\"elementor-heading-title elementor-size-default\">Time Mastery <\/h2>\t\t<\/div>\n\t\t\t\t<\/div>\n\t\t\t\t\t<\/div>\n\t\t<\/div>\n\t\t\t\t\t\t\t<\/div>\n\t\t<\/section>\n\t\t\t\t<section class=\"elementor-section elementor-top-section elementor-element elementor-element-b0b55c8 elementor-section-boxed elementor-section-height-default elementor-section-height-default\" data-id=\"b0b55c8\" data-element_type=\"section\" data-settings=\"{&quot;background_background&quot;:&quot;classic&quot;}\">\n\t\t\t\t\t\t<div class=\"elementor-container elementor-column-gap-default\">\n\t\t\t\t\t<div class=\"elementor-column elementor-col-100 elementor-top-column elementor-element elementor-element-30ebc76\" data-id=\"30ebc76\" data-element_type=\"column\">\n\t\t\t<div class=\"elementor-widget-wrap elementor-element-populated\">\n\t\t\t\t\t\t\t\t<div class=\"elementor-element elementor-element-966d0c0 elementor-widget elementor-widget-text-editor\" data-id=\"966d0c0\" data-element_type=\"widget\" data-widget_type=\"text-editor.default\">\n\t\t\t\t<div class=\"elementor-widget-container\">\n\t\t\t\t\t\t\t<p>L\u00f6yd\u00e4 tekemisen rauha kiireen keskell\u00e4. Tunnista t\u00e4rkein ja aloita siit\u00e4. Saat aikaan parempia tuloksia v\u00e4hemm\u00e4ll\u00e4 tekemisell\u00e4.<\/p><p>Time Mastery on yksil\u00f6lle suunnattu verkkovalmennus, joka auttaa l\u00f6yt\u00e4m\u00e4\u00e4n tekemisen rauhan ja hallinnan tunteen kiireisen arjen keskell\u00e4. Verkkovalmennuksen aikana osallistujan on mahdollista tarkastella omia asenteitaan ja uskomuksiaan liittyen aikaan ja ajank\u00e4ytt\u00f6\u00f6n sek\u00e4 kokeilla uudenlaisia tapoja ty\u00f6skennell\u00e4.\u00a0<\/p><p>Oman ty\u00f6n hallinta koostuu arkisista tavoista ja siksi pienetkin muutokset ovat merkityksellisi\u00e4. Vaikka v\u00e4lill\u00e4 tuntuukin silt\u00e4, ett\u00e4 emme voi vaikuttaa omaan ajank\u00e4ytt\u00f6\u00f6mme, voimme kuitenkin vaikuttaa yll\u00e4tt\u00e4v\u00e4n moniin asioihin ty\u00f6ss\u00e4mme. Time Mastery -verkkovalmennus auttaa osallistujaa tunnistamaan asiat, joihin vaikuttamalla oma arki muuttuu tasapainoisemmaksi ja hallitummaksi.\u00a0<\/p><p>Kohderyhm\u00e4: Asiantuntijat<\/p><p>Kesto: 4 viikkoa<\/p><p>Aikainvestointi: 5 tuntia tai enemm\u00e4n<\/p><p>Hinta: 89 \u20ac\/hl\u00f6 + alv.<\/p>\t\t\t\t\t\t<\/div>\n\t\t\t\t<\/div>\n\t\t\t\t<div class=\"elementor-element elementor-element-32e5405 elementor-align-left elementor-widget elementor-widget-button\" data-id=\"32e5405\" data-element_type=\"widget\" data-widget_type=\"button.default\">\n\t\t\t\t<div class=\"elementor-widget-container\">\n\t\t\t\t\t<div class=\"elementor-button-wrapper\">\n\t\t\t<a href=\"https:\/\/web01.hsworks.fi\/~milestonefi\/yhteystiedot\/\" class=\"elementor-button-link elementor-button elementor-size-sm\" role=\"button\">\n\t\t\t\t\t\t<span class=\"elementor-button-content-wrapper\">\n\t\t\t\t\t\t<span class=\"elementor-button-text\">Varaa esittely<\/span>\n\t\t<\/span>\n\t\t\t\t\t<\/a>\n\t\t<\/div>\n\t\t\t\t<\/div>\n\t\t\t\t<\/div>\n\t\t\t\t\t<\/div>\n\t\t<\/div>\n\t\t\t\t\t\t\t<\/div>\n\t\t<\/section>\n\t\t\t\t\t\t<\/div>\n\t\t\t\t\t<\/div>\n\t\t","protected":false},"excerpt":{"rendered":"<p>Time Mastery L\u00f6yd\u00e4 tekemisen rauha kiireen keskell\u00e4. Tunnista t\u00e4rkein ja aloita siit\u00e4. Saat aikaan parempia tuloksia v\u00e4hemm\u00e4ll\u00e4 tekemisell\u00e4. Time Mastery on yksil\u00f6lle suunnattu verkkovalmennus, joka auttaa l\u00f6yt\u00e4m\u00e4\u00e4n tekemisen rauhan ja hallinnan tunteen kiireisen arjen keskell\u00e4. Verkkovalmennuksen aikana osallistujan on mahdollista tarkastella omia asenteitaan ja uskomuksiaan liittyen aikaan ja ajank\u00e4ytt\u00f6\u00f6n sek\u00e4 kokeilla uudenlaisia tapoja ty\u00f6skennell\u00e4.\u00a0 Oman [&hellip;]<\/p>\n","protected":false},"author":42,"featured_media":0,"parent":0,"menu_order":0,"comment_status":"closed","ping_status":"closed","template":"elementor_header_footer","meta":[],"yoast_head":"<!-- This site is optimized with the Yoast SEO plugin v15.0 - https:\/\/yoast.com\/wordpress\/plugins\/seo\/ -->\n<title>Time Mastery | Milestone<\/title>\n<meta name=\"robots\" content=\"index, follow, max-snippet:-1, max-image-preview:large, max-video-preview:-1\" \/>\n<link rel=\"canonical\" href=\"https:\/\/web01.hsworks.fi\/~milestonefi\/time-mastery\/\" \/>\n<meta property=\"og:locale\" content=\"fi_FI\" \/>\n<meta property=\"og:type\" content=\"article\" \/>\n<meta property=\"og:title\" content=\"Time Mastery | Milestone\" \/>\n<meta property=\"og:description\" content=\"Time Mastery L\u00f6yd\u00e4 tekemisen rauha kiireen keskell\u00e4. Tunnista t\u00e4rkein ja aloita siit\u00e4. Saat aikaan parempia tuloksia v\u00e4hemm\u00e4ll\u00e4 tekemisell\u00e4. Time Mastery on yksil\u00f6lle suunnattu verkkovalmennus, joka auttaa l\u00f6yt\u00e4m\u00e4\u00e4n tekemisen rauhan ja hallinnan tunteen kiireisen arjen keskell\u00e4. Verkkovalmennuksen aikana osallistujan on mahdollista tarkastella omia asenteitaan ja uskomuksiaan liittyen aikaan ja ajank\u00e4ytt\u00f6\u00f6n sek\u00e4 kokeilla uudenlaisia tapoja ty\u00f6skennell\u00e4.\u00a0 Oman [&hellip;]\" \/>\n<meta property=\"og:url\" content=\"https:\/\/web01.hsworks.fi\/~milestonefi\/time-mastery\/\" \/>\n<meta property=\"og:site_name\" content=\"Milestone\" \/>\n<meta property=\"article:modified_time\" content=\"2021-12-09T00:40:57+00:00\" \/>\n<meta name=\"twitter:card\" content=\"summary_large_image\" \/>\n<script type=\"application\/ld+json\" class=\"yoast-schema-graph\">{\"@context\":\"https:\/\/schema.org\",\"@graph\":[{\"@type\":\"Organization\",\"@id\":\"https:\/\/web01.hsworks.fi\/~milestonefi\/#organization\",\"name\":\"Milestone\",\"url\":\"https:\/\/web01.hsworks.fi\/~milestonefi\/\",\"sameAs\":[],\"logo\":{\"@type\":\"ImageObject\",\"@id\":\"https:\/\/web01.hsworks.fi\/~milestonefi\/#logo\",\"inLanguage\":\"fi\",\"url\":\"https:\/\/web01.hsworks.fi\/~milestonefi\/wp-content\/uploads\/milestone-logo-black.png\",\"width\":548,\"height\":354,\"caption\":\"Milestone\"},\"image\":{\"@id\":\"https:\/\/web01.hsworks.fi\/~milestonefi\/#logo\"}},{\"@type\":\"WebSite\",\"@id\":\"https:\/\/web01.hsworks.fi\/~milestonefi\/#website\",\"url\":\"https:\/\/web01.hsworks.fi\/~milestonefi\/\",\"name\":\"Milestone\",\"description\":\"Yrityskulttuurin muotoilutoimisto\",\"publisher\":{\"@id\":\"https:\/\/web01.hsworks.fi\/~milestonefi\/#organization\"},\"potentialAction\":[{\"@type\":\"SearchAction\",\"target\":\"https:\/\/web01.hsworks.fi\/~milestonefi\/?s={search_term_string}\",\"query-input\":\"required name=search_term_string\"}],\"inLanguage\":\"fi\"},{\"@type\":\"WebPage\",\"@id\":\"https:\/\/web01.hsworks.fi\/~milestonefi\/time-mastery\/#webpage\",\"url\":\"https:\/\/web01.hsworks.fi\/~milestonefi\/time-mastery\/\",\"name\":\"Time Mastery | Milestone\",\"isPartOf\":{\"@id\":\"https:\/\/web01.hsworks.fi\/~milestonefi\/#website\"},\"datePublished\":\"2021-12-07T01:22:16+00:00\",\"dateModified\":\"2021-12-09T00:40:57+00:00\",\"inLanguage\":\"fi\",\"potentialAction\":[{\"@type\":\"ReadAction\",\"target\":[\"https:\/\/web01.hsworks.fi\/~milestonefi\/time-mastery\/\"]}]}]}<\/script>\n<!-- \/ Yoast SEO plugin. -->","_links":{"self":[{"href":"https:\/\/web01.hsworks.fi\/~milestonefi\/wp-json\/wp\/v2\/pages\/1590"}],"collection":[{"href":"https:\/\/web01.hsworks.fi\/~milestonefi\/wp-json\/wp\/v2\/pages"}],"about":[{"href":"https:\/\/web01.hsworks.fi\/~milestonefi\/wp-json\/wp\/v2\/types\/page"}],"author":[{"embeddable":true,"href":"https:\/\/web01.hsworks.fi\/~milestonefi\/wp-json\/wp\/v2\/users\/42"}],"replies":[{"embeddable":true,"href":"https:\/\/web01.hsworks.fi\/~milestonefi\/wp-json\/wp\/v2\/comments?post=1590"}],"version-history":[{"count":11,"href":"https:\/\/web01.hsworks.fi\/~milestonefi\/wp-json\/wp\/v2\/pages\/1590\/revisions"}],"predecessor-version":[{"id":1819,"href":"https:\/\/web01.hsworks.fi\/~milestonefi\/wp-json\/wp\/v2\/pages\/1590\/revisions\/1819"}],"wp:attachment":[{"href":"https:\/\/web01.hsworks.fi\/~milestonefi\/wp-json\/wp\/v2\/media?parent=1590"}],"curies":[{"name":"wp","href":"https:\/\/api.w.org\/{rel}","templated":true}]}}